{"id":4047,"date":"2022-03-05T14:45:30","date_gmt":"2022-03-05T13:45:30","guid":{"rendered":"https:\/\/losbrazos.com\/discography\/magic\/"},"modified":"2022-03-06T14:22:30","modified_gmt":"2022-03-06T13:22:30","slug":"magic","status":"publish","type":"page","link":"https:\/\/losbrazos.com\/en\/discography\/magic\/","title":{"rendered":"Magic"},"content":{"rendered":"<div class=\"wpb-content-wrapper\"><p>[vc_row css_animation=&#8221;&#8221; row_type=&#8221;row&#8221; use_row_as_full_screen_section=&#8221;no&#8221; type=&#8221;grid&#8221; angled_section=&#8221;no&#8221; text_align=&#8221;left&#8221; background_image_as_pattern=&#8221;without_pattern&#8221; z_index=&#8221;&#8221;][vc_column width=&#8221;1\/4&#8243;][vc_single_image image=&#8221;4008&#8243; img_size=&#8221;full&#8221; onclick=&#8221;custom_link&#8221; qode_css_animation=&#8221;&#8221; qode_hover_animation=&#8221;zoom_in&#8221; link=&#8221;https:\/\/open.spotify.com\/album\/2mAmPHtLFPC5AACwUq1sp9&#8243;][vc_empty_space][\/vc_column][vc_column width=&#8221;3\/4&#8243;][vc_column_text]<\/p>\n<h2>MAGIC<\/h2>\n<p>[\/vc_column_text][vc_column_text]Oct 5, 2015[\/vc_column_text][vc_empty_space height=&#8221;15px&#8221;][vc_column_text]Grabado por Sa\u00fal Santolaria, mezclado y masterizado por Saul Santolaria en\u00a0<a href=\"https:\/\/www.facebook.com\/Sweet-Saul-Music-205488769465099\/timeline\/\" target=\"_blank\" rel=\"noopener noreferrer\">Sweet Saul Music Studios<\/a>\u00a0Sopelana y por\u00a0<a href=\"http:\/\/www.beauhillproductions.com\/\" target=\"_blank\" rel=\"noopener noreferrer\">Beau Hill<\/a>\u00a0en Chicago.<\/p>\n<p>Videoclip filmado y montado\u00a0por\u00a0<a href=\"http:\/\/www.antonuribe.com\/\" target=\"_blank\" rel=\"noopener noreferrer\">Ant\u00f3n Uribe<\/a>.<\/p>\n<p>Portada por\u00a0<a href=\"http:\/\/www.behance.net\/leiigg\">Leire Gonz\u00e1lez<\/a>\u00a0y William.[\/vc_column_text][vc_empty_space height=&#8221;15px&#8221;][vc_row_inner row_type=&#8221;row&#8221; type=&#8221;full_width&#8221; text_align=&#8221;left&#8221; css_animation=&#8221;&#8221;][vc_column_inner width=&#8221;1\/12&#8243;][vc_single_image image=&#8221;3991&#8243; img_size=&#8221;full&#8221; onclick=&#8221;custom_link&#8221; qode_css_animation=&#8221;&#8221; link=&#8221;https:\/\/open.spotify.com\/album\/1FtSVRh3P1QT7TS9FeQM45&#8243;][vc_empty_space height=&#8221;8px&#8221;][\/vc_column_inner][vc_column_inner width=&#8221;1\/12&#8243;][vc_single_image image=&#8221;3993&#8243; img_size=&#8221;full&#8221; onclick=&#8221;custom_link&#8221; qode_css_animation=&#8221;&#8221; link=&#8221;https:\/\/music.apple.com\/za\/album\/magic-single\/1445574500&#8243;][\/vc_column_inner][vc_column_inner width=&#8221;10\/12&#8243;][\/vc_column_inner][\/vc_row_inner][vc_empty_space height=&#8221;35px&#8221;][\/vc_column][\/vc_row][vc_row css_animation=&#8221;&#8221; row_type=&#8221;row&#8221; use_row_as_full_screen_section=&#8221;no&#8221; type=&#8221;grid&#8221; angled_section=&#8221;no&#8221; text_align=&#8221;left&#8221; background_image_as_pattern=&#8221;without_pattern&#8221; z_index=&#8221;&#8221;][vc_column][vc_column_text]En medio de la campa\u00f1a de lanzamiento de su tercer \u00e1lbum, \u00abGAS\u00bb, Los Brazos editan este especial\u00a0single con el que quieren\u00a0recaudar fondos para el estudio del C\u00e1ncer del Desarrollo Infantil. La banda colabora con la\u00a0<a href=\"http:\/\/www.asociacionanita.org\/\">Asociaci\u00f3n Anita<\/a>\u00a0en un proyecto muy especial que reunir\u00e1\u00a0fondos para el programa de Investigaci\u00f3n Internacional liderado por la Fundaci\u00f3n\u00a0<a href=\"http:\/\/www.fsjd.org\/es\">Sant Joan de Deu<\/a>\u00a0en Barcelona\u00a0y\u00a0<a href=\"http:\/\/www.utsouthwestern.edu\/labs\/amatruda\/\">Amatruda Lab<\/a>, del Centro M\u00e9dico de la Universidad UTSouthwestern en Dallas.[\/vc_column_text][vc_empty_space height=&#8221;15px&#8221;][vc_column_text]La innovadora idea es recaudar fondos mediante las escuchas y visualizaciones de esta canci\u00f3n y del v\u00eddeoclip que la banda ha grabado. Cuanto m\u00e1s se vea \u00a0el v\u00eddeo y m\u00e1s se oiga la canci\u00f3n en cualquier medio, m\u00e1s recaudar\u00e1.[\/vc_column_text][vc_empty_space height=&#8221;15px&#8221;][vc_column_text]Todo el trabajo de las personas implicadas en el proyecto ha sido realizado de forma completamente desinteresada: GRACIAS.[\/vc_column_text][vc_empty_space][\/vc_column][\/vc_row][vc_row css_animation=&#8221;&#8221; row_type=&#8221;row&#8221; use_row_as_full_screen_section=&#8221;no&#8221; type=&#8221;grid&#8221; angled_section=&#8221;no&#8221; text_align=&#8221;left&#8221; background_image_as_pattern=&#8221;without_pattern&#8221; z_index=&#8221;&#8221;][vc_column][vc_empty_space][vc_column_text]<iframe loading=\"lazy\" title=\"YouTube video player\" src=\"https:\/\/www.youtube.com\/embed\/c4-I2n8xNtw\" width=\"100%\" height=\"500\" frameborder=\"0\" allowfullscreen=\"allowfullscreen\"><\/iframe>[\/vc_column_text][vc_empty_space][\/vc_column][\/vc_row][vc_row css_animation=&#8221;&#8221; row_type=&#8221;row&#8221; use_row_as_full_screen_section=&#8221;no&#8221; type=&#8221;full_width&#8221; angled_section=&#8221;no&#8221; text_align=&#8221;left&#8221; background_image_as_pattern=&#8221;without_pattern&#8221;][vc_column]\n\t\t\t<!-- START Suscripci\u00f3n a youtube ingl\u00e9s REVOLUTION SLIDER 6.7.41 --><p class=\"rs-p-wp-fix\"><\/p>\n\t\t\t<rs-module-wrap id=\"rev_slider_6_1_wrapper\" data-source=\"gallery\" style=\"visibility:hidden;background:#ededed;padding:0;margin:0px auto;margin-top:0;margin-bottom:0;\">\n\t\t\t\t<rs-module id=\"rev_slider_6_1\" style=\"\" data-version=\"6.7.41\">\n\t\t\t\t\t<rs-slides style=\"overflow: hidden; position: absolute;\">\n\t\t\t\t\t\t<rs-slide style=\"position: absolute;\" data-key=\"rs-8\" data-title=\"Slide\" data-anim=\"ms:1000;r:0;\" data-in=\"o:0;\" data-out=\"a:false;\">\n\t\t\t\t\t\t\t<img decoding=\"async\" src=\"\/\/losbrazos.com\/wp-content\/plugins\/revslider\/sr6\/assets\/assets\/dummy.png\" alt=\"Slide\" title=\"Magic\" class=\"rev-slidebg tp-rs-img rs-lazyload\" data-lazyload=\"\/\/losbrazos.com\/wp-content\/plugins\/revslider\/sr6\/assets\/assets\/transparent.png\" data-no-retina>\n<!--\n\t\t\t\t\t\t\t--><rs-layer\n\t\t\t\t\t\t\t\tid=\"slider-6-slide-8-layer-0\" \n\t\t\t\t\t\t\t\tdata-type=\"image\"\n\t\t\t\t\t\t\t\tdata-rsp_ch=\"on\"\n\t\t\t\t\t\t\t\tdata-xy=\"xo:93px,82px,62px,27px;yo:30px,27px,20px,16px;\"\n\t\t\t\t\t\t\t\tdata-text=\"w:normal;s:20,14,10,6;l:0,18,13,8;\"\n\t\t\t\t\t\t\t\tdata-dim=\"w:50px,36px,27px,26px;h:50px,36px,27px,25.9961px;\"\n\t\t\t\t\t\t\t\tdata-frame_999=\"o:0;st:w;\"\n\t\t\t\t\t\t\t\tstyle=\"z-index:5;\"\n\t\t\t\t\t\t\t><img decoding=\"async\" src=\"\/\/losbrazos.com\/wp-content\/plugins\/revslider\/sr6\/assets\/assets\/dummy.png\" alt=\"universal-losbrazos-youtube\" class=\"tp-rs-img rs-lazyload\" width=\"50\" height=\"50\" data-lazyload=\"\/\/losbrazos.com\/wp-content\/uploads\/2022\/02\/universal-losbrazos-youtube.png\" data-no-retina> \n\t\t\t\t\t\t\t<\/rs-layer><!--\n\n\t\t\t\t\t\t\t--><rs-layer\n\t\t\t\t\t\t\t\tid=\"slider-6-slide-8-layer-1\" \n\t\t\t\t\t\t\t\tdata-type=\"text\"\n\t\t\t\t\t\t\t\tdata-color=\"#000000\"\n\t\t\t\t\t\t\t\tdata-rsp_ch=\"on\"\n\t\t\t\t\t\t\t\tdata-xy=\"xo:169px,144px,109px,67px;yo:-3px,5px,3px,11px;\"\n\t\t\t\t\t\t\t\tdata-text=\"w:normal;s:25,18,13,12;l:110,80,60,37;ls:7px,5px,3px,1px;\"\n\t\t\t\t\t\t\t\tdata-dim=\"minh:0px,none,none,none;\"\n\t\t\t\t\t\t\t\tdata-frame_999=\"o:0;st:w;\"\n\t\t\t\t\t\t\t\tstyle=\"z-index:6;font-family:'Oswald';\"\n\t\t\t\t\t\t\t>FOLLOW US ON OUR YOUTUBE CHANNEL! \n\t\t\t\t\t\t\t<\/rs-layer><!--\n\n\t\t\t\t\t\t\t--><a\n\t\t\t\t\t\t\t\tid=\"slider-6-slide-8-layer-2\" \n\t\t\t\t\t\t\t\tclass=\"rs-layer rev-btn\"\n\t\t\t\t\t\t\t\thref=\"https:\/\/www.youtube.com\/user\/losbrazosrock\" target=\"_self\" rel=\"nofollow\"\n\t\t\t\t\t\t\t\tdata-type=\"button\"\n\t\t\t\t\t\t\t\tdata-bsh=\"c:#461d7d;v:5px,3px,2px,2px;b:20px,14px,10px,9px;\"\n\t\t\t\t\t\t\t\tdata-rsp_ch=\"on\"\n\t\t\t\t\t\t\t\tdata-xy=\"xo:1082px,778px,591px,354px;yo:20px,19px,14px,12px;\"\n\t\t\t\t\t\t\t\tdata-text=\"w:normal;s:20,14,10,9;l:60,43,32,29;fw:500;\"\n\t\t\t\t\t\t\t\tdata-dim=\"minh:0px,none,none,none;\"\n\t\t\t\t\t\t\t\tdata-padding=\"r:60,44,33,31;l:60,44,33,31;\"\n\t\t\t\t\t\t\t\tdata-border=\"bor:5px,5px,5px,5px;\"\n\t\t\t\t\t\t\t\tdata-frame_0=\"x:0,0,0,0px;y:0,0,0,0px;sX:0.9;sY:0.9;\"\n\t\t\t\t\t\t\t\tdata-frame_1=\"x:0,0,0,0px;y:0,0,0,0px;sp:1000;\"\n\t\t\t\t\t\t\t\tdata-frame_999=\"o:0;st:w;\"\n\t\t\t\t\t\t\t\tdata-frame_hover=\"bgc:linear-gradient(rgba(255,94,58,1) 0%, rgba(255,42,104,1) 100%);bor:5px,5px,5px,5px;e:power1.inOut;bri:120%;\"\n\t\t\t\t\t\t\t\tstyle=\"z-index:7;background:linear-gradient(rgba(255,94,58,1) 0%, rgba(255,42,104,1) 100%);font-family:'Oswald';\"\n\t\t\t\t\t\t\t>SUBSCRIBE \n\t\t\t\t\t\t\t<\/a><!--\n-->\t\t\t\t\t<\/rs-slide>\n\t\t\t\t\t<\/rs-slides>\n\t\t\t\t<\/rs-module>\n\t\t\t\t<script>\n\t\t\t\t\tsetREVStartSize({c: 'rev_slider_6_1',rl:[1240,1024,778,480],el:[100,100,60,60],gw:[1400,1024,778,480],gh:[100,100,60,60],type:'standard',justify:'',layout:'fullwidth',mh:\"0\"});if (window.RS_MODULES!==undefined && window.RS_MODULES.modules!==undefined && window.RS_MODULES.modules[\"revslider61\"]!==undefined) {window.RS_MODULES.modules[\"revslider61\"].once = false;window.revapi6 = undefined;if (window.RS_MODULES.checkMinimal!==undefined) window.RS_MODULES.checkMinimal()}\n\t\t\t\t<\/script>\n\t\t\t<\/rs-module-wrap>\n\t\t\t<!-- END REVOLUTION SLIDER -->\n[\/vc_column][\/vc_row]<\/p>\n<\/div>","protected":false},"excerpt":{"rendered":"<p>[vc_row css_animation=&#8221;&#8221; row_type=&#8221;row&#8221; use_row_as_full_screen_section=&#8221;no&#8221; type=&#8221;grid&#8221; angled_section=&#8221;no&#8221; text_align=&#8221;left&#8221; background_image_as_pattern=&#8221;without_pattern&#8221; z_index=&#8221;&#8221;][vc_column width=&#8221;1\/4&#8243;][vc_single_image image=&#8221;4008&#8243; img_size=&#8221;full&#8221; onclick=&#8221;custom_link&#8221; qode_css_animation=&#8221;&#8221; qode_hover_animation=&#8221;zoom_in&#8221; link=&#8221;https:\/\/open.spotify.com\/album\/2mAmPHtLFPC5AACwUq1sp9&#8243;][vc_empty_space][\/vc_column][vc_column width=&#8221;3\/4&#8243;][vc_column_text] MAGIC [\/vc_column_text][vc_column_text]Oct 5, 2015[\/vc_column_text][vc_empty_space height=&#8221;15px&#8221;][vc_column_text]Grabado por Sa\u00fal Santolaria, mezclado y masterizado por Saul Santolaria en\u00a0Sweet Saul Music Studios\u00a0Sopelana y por\u00a0Beau Hill\u00a0en Chicago. Videoclip filmado y montado\u00a0por\u00a0Ant\u00f3n Uribe. Portada&#8230;<\/p>\n","protected":false},"author":1,"featured_media":0,"parent":4030,"menu_order":0,"comment_status":"closed","ping_status":"closed","template":"full_width.php","meta":{"footnotes":""},"class_list":["post-4047","page","type-page","status-publish","hentry"],"yoast_head":"<!-- This site is optimized with the Yoast SEO plugin v27.1.1 - https:\/\/yoast.com\/product\/yoast-seo-wordpress\/ -->\n<title>Magic. Una canci\u00f3n para vencer el c\u00e1ncer infantil | Los Brazos<\/title>\n<meta name=\"description\" content=\"Descubre Magic, el single de Los Brazos cuyos derechos son destinados a la investigaci\u00f3n del c\u00e1ncer infantil.\" \/>\n<meta name=\"robots\" content=\"index, follow, max-snippet:-1, max-image-preview:large, max-video-preview:-1\" \/>\n<link rel=\"canonical\" href=\"https:\/\/losbrazos.com\/en\/discography\/magic\/\" \/>\n<meta property=\"og:locale\" content=\"en_US\" \/>\n<meta property=\"og:type\" content=\"article\" \/>\n<meta property=\"og:title\" content=\"Magic. Una canci\u00f3n para vencer el c\u00e1ncer infantil | Los Brazos\" \/>\n<meta property=\"og:description\" content=\"Descubre Magic, el single de Los Brazos cuyos derechos son destinados a la investigaci\u00f3n del c\u00e1ncer infantil.\" \/>\n<meta property=\"og:url\" content=\"https:\/\/losbrazos.com\/en\/discography\/magic\/\" \/>\n<meta property=\"og:site_name\" content=\"Los Brazos\" \/>\n<meta property=\"article:modified_time\" content=\"2022-03-06T13:22:30+00:00\" \/>\n<meta name=\"twitter:card\" content=\"summary_large_image\" \/>\n<meta name=\"twitter:label1\" content=\"Est. reading time\" \/>\n\t<meta name=\"twitter:data1\" content=\"2 minutes\" \/>\n<script type=\"application\/ld+json\" class=\"yoast-schema-graph\">{\"@context\":\"https:\/\/schema.org\",\"@graph\":[{\"@type\":\"WebPage\",\"@id\":\"https:\/\/losbrazos.com\/en\/discography\/magic\/\",\"url\":\"https:\/\/losbrazos.com\/en\/discography\/magic\/\",\"name\":\"Magic. Una canci\u00f3n para vencer el c\u00e1ncer infantil | Los Brazos\",\"isPartOf\":{\"@id\":\"https:\/\/losbrazos.com\/en\/#website\"},\"datePublished\":\"2022-03-05T13:45:30+00:00\",\"dateModified\":\"2022-03-06T13:22:30+00:00\",\"description\":\"Descubre Magic, el single de Los Brazos cuyos derechos son destinados a la investigaci\u00f3n del c\u00e1ncer infantil.\",\"breadcrumb\":{\"@id\":\"https:\/\/losbrazos.com\/en\/discography\/magic\/#breadcrumb\"},\"inLanguage\":\"en-US\",\"potentialAction\":[{\"@type\":\"ReadAction\",\"target\":[\"https:\/\/losbrazos.com\/en\/discography\/magic\/\"]}]},{\"@type\":\"BreadcrumbList\",\"@id\":\"https:\/\/losbrazos.com\/en\/discography\/magic\/#breadcrumb\",\"itemListElement\":[{\"@type\":\"ListItem\",\"position\":1,\"name\":\"Home\",\"item\":\"https:\/\/losbrazos.com\/en\/\"},{\"@type\":\"ListItem\",\"position\":2,\"name\":\"Discography\",\"item\":\"https:\/\/losbrazos.com\/en\/discografia\/\"},{\"@type\":\"ListItem\",\"position\":3,\"name\":\"Magic\"}]},{\"@type\":\"WebSite\",\"@id\":\"https:\/\/losbrazos.com\/en\/#website\",\"url\":\"https:\/\/losbrazos.com\/en\/\",\"name\":\"Los Brazos\",\"description\":\"Simply rock and roll music\",\"potentialAction\":[{\"@type\":\"SearchAction\",\"target\":{\"@type\":\"EntryPoint\",\"urlTemplate\":\"https:\/\/losbrazos.com\/en\/?s={search_term_string}\"},\"query-input\":{\"@type\":\"PropertyValueSpecification\",\"valueRequired\":true,\"valueName\":\"search_term_string\"}}],\"inLanguage\":\"en-US\"}]}<\/script>\n<!-- \/ Yoast SEO plugin. -->","yoast_head_json":{"title":"Magic. Una canci\u00f3n para vencer el c\u00e1ncer infantil | Los Brazos","description":"Descubre Magic, el single de Los Brazos cuyos derechos son destinados a la investigaci\u00f3n del c\u00e1ncer infantil.","robots":{"index":"index","follow":"follow","max-snippet":"max-snippet:-1","max-image-preview":"max-image-preview:large","max-video-preview":"max-video-preview:-1"},"canonical":"https:\/\/losbrazos.com\/en\/discography\/magic\/","og_locale":"en_US","og_type":"article","og_title":"Magic. Una canci\u00f3n para vencer el c\u00e1ncer infantil | Los Brazos","og_description":"Descubre Magic, el single de Los Brazos cuyos derechos son destinados a la investigaci\u00f3n del c\u00e1ncer infantil.","og_url":"https:\/\/losbrazos.com\/en\/discography\/magic\/","og_site_name":"Los Brazos","article_modified_time":"2022-03-06T13:22:30+00:00","twitter_card":"summary_large_image","twitter_misc":{"Est. reading time":"2 minutes"},"schema":{"@context":"https:\/\/schema.org","@graph":[{"@type":"WebPage","@id":"https:\/\/losbrazos.com\/en\/discography\/magic\/","url":"https:\/\/losbrazos.com\/en\/discography\/magic\/","name":"Magic. Una canci\u00f3n para vencer el c\u00e1ncer infantil | Los Brazos","isPartOf":{"@id":"https:\/\/losbrazos.com\/en\/#website"},"datePublished":"2022-03-05T13:45:30+00:00","dateModified":"2022-03-06T13:22:30+00:00","description":"Descubre Magic, el single de Los Brazos cuyos derechos son destinados a la investigaci\u00f3n del c\u00e1ncer infantil.","breadcrumb":{"@id":"https:\/\/losbrazos.com\/en\/discography\/magic\/#breadcrumb"},"inLanguage":"en-US","potentialAction":[{"@type":"ReadAction","target":["https:\/\/losbrazos.com\/en\/discography\/magic\/"]}]},{"@type":"BreadcrumbList","@id":"https:\/\/losbrazos.com\/en\/discography\/magic\/#breadcrumb","itemListElement":[{"@type":"ListItem","position":1,"name":"Home","item":"https:\/\/losbrazos.com\/en\/"},{"@type":"ListItem","position":2,"name":"Discography","item":"https:\/\/losbrazos.com\/en\/discografia\/"},{"@type":"ListItem","position":3,"name":"Magic"}]},{"@type":"WebSite","@id":"https:\/\/losbrazos.com\/en\/#website","url":"https:\/\/losbrazos.com\/en\/","name":"Los Brazos","description":"Simply rock and roll music","potentialAction":[{"@type":"SearchAction","target":{"@type":"EntryPoint","urlTemplate":"https:\/\/losbrazos.com\/en\/?s={search_term_string}"},"query-input":{"@type":"PropertyValueSpecification","valueRequired":true,"valueName":"search_term_string"}}],"inLanguage":"en-US"}]}},"_links":{"self":[{"href":"https:\/\/losbrazos.com\/en\/wp-json\/wp\/v2\/pages\/4047","targetHints":{"allow":["GET"]}}],"collection":[{"href":"https:\/\/losbrazos.com\/en\/wp-json\/wp\/v2\/pages"}],"about":[{"href":"https:\/\/losbrazos.com\/en\/wp-json\/wp\/v2\/types\/page"}],"author":[{"embeddable":true,"href":"https:\/\/losbrazos.com\/en\/wp-json\/wp\/v2\/users\/1"}],"replies":[{"embeddable":true,"href":"https:\/\/losbrazos.com\/en\/wp-json\/wp\/v2\/comments?post=4047"}],"version-history":[{"count":2,"href":"https:\/\/losbrazos.com\/en\/wp-json\/wp\/v2\/pages\/4047\/revisions"}],"predecessor-version":[{"id":4210,"href":"https:\/\/losbrazos.com\/en\/wp-json\/wp\/v2\/pages\/4047\/revisions\/4210"}],"up":[{"embeddable":true,"href":"https:\/\/losbrazos.com\/en\/wp-json\/wp\/v2\/pages\/4030"}],"wp:attachment":[{"href":"https:\/\/losbrazos.com\/en\/wp-json\/wp\/v2\/media?parent=4047"}],"curies":[{"name":"wp","href":"https:\/\/api.w.org\/{rel}","templated":true}]}}