{"id":4046,"date":"2022-03-05T14:39:32","date_gmt":"2022-03-05T13:39:32","guid":{"rendered":"https:\/\/losbrazos.com\/discography\/live-2015-2017\/"},"modified":"2022-03-06T14:22:18","modified_gmt":"2022-03-06T13:22:18","slug":"live-2015-2017","status":"publish","type":"page","link":"https:\/\/losbrazos.com\/en\/discography\/live-2015-2017\/","title":{"rendered":"Live 2015-2017"},"content":{"rendered":"<div class=\"wpb-content-wrapper\"><p>[vc_row css_animation=&#8221;&#8221; row_type=&#8221;row&#8221; use_row_as_full_screen_section=&#8221;no&#8221; type=&#8221;grid&#8221; angled_section=&#8221;no&#8221; text_align=&#8221;left&#8221; background_image_as_pattern=&#8221;without_pattern&#8221; z_index=&#8221;&#8221;][vc_column width=&#8221;1\/4&#8243;][vc_single_image image=&#8221;3790&#8243; img_size=&#8221;500&#215;500&#8243; onclick=&#8221;custom_link&#8221; qode_css_animation=&#8221;&#8221; qode_hover_animation=&#8221;zoom_in&#8221; link=&#8221;https:\/\/open.spotify.com\/album\/64tazZdkkifuDa9Ed3vA3f&#8221;][vc_empty_space][\/vc_column][vc_column width=&#8221;3\/4&#8243;][vc_column_text]<\/p>\n<h2>LIVE 2015-2017<\/h2>\n<p>[\/vc_column_text][vc_column_text]Mayo 11, 2018[\/vc_column_text][vc_empty_space height=&#8221;15px&#8221;][vc_column_text]Mezclado y masterizado en Sweet Saul Music Studios (Sopelana) por Sa\u00fal Santolaria y William.<\/p>\n<p>Artes gr\u00e1ficas por William.<\/p>\n<p>Publicado por Los Brazos y The Music Company.[\/vc_column_text][vc_empty_space height=&#8221;20px&#8221;][vc_row_inner row_type=&#8221;row&#8221; type=&#8221;full_width&#8221; text_align=&#8221;left&#8221; css_animation=&#8221;&#8221;][vc_column_inner width=&#8221;1\/12&#8243;][vc_single_image image=&#8221;3999&#8243; img_size=&#8221;full&#8221; onclick=&#8221;custom_link&#8221; qode_css_animation=&#8221;&#8221; link=&#8221;https:\/\/www.lacasadeldisco.es\/artistas\/los-brazos&#8221;][vc_empty_space height=&#8221;8px&#8221;][\/vc_column_inner][vc_column_inner width=&#8221;1\/12&#8243;][vc_single_image image=&#8221;3991&#8243; img_size=&#8221;full&#8221; onclick=&#8221;custom_link&#8221; qode_css_animation=&#8221;&#8221; link=&#8221;https:\/\/open.spotify.com\/album\/64tazZdkkifuDa9Ed3vA3f&#8221;][vc_empty_space height=&#8221;8px&#8221;][\/vc_column_inner][vc_column_inner width=&#8221;1\/12&#8243;][vc_single_image image=&#8221;3993&#8243; img_size=&#8221;full&#8221; onclick=&#8221;custom_link&#8221; qode_css_animation=&#8221;&#8221; link=&#8221;https:\/\/music.apple.com\/es\/album\/live\/1386930039&#8243;][\/vc_column_inner][vc_column_inner width=&#8221;9\/12&#8243;][\/vc_column_inner][\/vc_row_inner][vc_empty_space height=&#8221;35px&#8221;][\/vc_column][\/vc_row][vc_row css_animation=&#8221;&#8221; row_type=&#8221;row&#8221; use_row_as_full_screen_section=&#8221;no&#8221; type=&#8221;grid&#8221; angled_section=&#8221;no&#8221; text_align=&#8221;left&#8221; background_image_as_pattern=&#8221;without_pattern&#8221; z_index=&#8221;&#8221;][vc_column][vc_column_text]Primer \u00e1lbum en directo distribuido por el tr\u00edo vizca\u00edno, bajo el sello\u00a0<a href=\"https:\/\/www.facebook.com\/themusiccompanyoficial\/\">The Music Company<\/a>.[\/vc_column_text][vc_empty_space height=&#8221;15px&#8221;][vc_column_text]\u00abLIVE\u00bb es un \u00e1lbum compuesto por 17 canciones (18 en la versi\u00f3n digital) con las que resumir las m\u00e1s de cien noches y los miles de kil\u00f3metros que la banda ha recorrido durante los dos \u00faltimos a\u00f1os en su gira \u201cGAS Tour\u201d. Todo ello concentrado en un disco muy especial que suena a rock, blues, rockabilly o country, pero m\u00e1s vivo que nunca: 18 ca\u00f1onazos con todo el sabor del buen saber hacer del tr\u00edo en el escenario.[\/vc_column_text][vc_empty_space height=&#8221;15px&#8221;][vc_column_text]Grabado en distintas salas y eventos por toda la pen\u00ednsula e islas,\u00a0Los Brazos\u00a0consiguen revivir la magia de su directo, homenajeando con \u00e9l a todas aquellas personas que apuestan por la m\u00fasica con su trabajo, esfuerzo o su sola presencia.[\/vc_column_text][vc_empty_space height=&#8221;15px&#8221;][vc_column_text]La producci\u00f3n, que persigue destilar toda la fuerza de la banda en vivo y a su vez alejarse de los viejos c\u00e1nones, corre a manos de\u00a0Sa\u00fal Santolaria y William\u00a0en los estudios\u00a0Sweet Saul Music de Sopelana (Vizcaya), tras el trabajo preparatorio junto a\u00a0Unai Mimenza (Soinuart).[\/vc_column_text][vc_empty_space][\/vc_column][\/vc_row][vc_row css_animation=&#8221;&#8221; row_type=&#8221;row&#8221; use_row_as_full_screen_section=&#8221;no&#8221; type=&#8221;grid&#8221; angled_section=&#8221;no&#8221; text_align=&#8221;left&#8221; background_image_as_pattern=&#8221;without_pattern&#8221; z_index=&#8221;&#8221;][vc_column width=&#8221;1\/2&#8243;][vc_column_text]<iframe loading=\"lazy\" style=\"border-radius: 12px;\" src=\"https:\/\/open.spotify.com\/embed\/album\/64tazZdkkifuDa9Ed3vA3f?utm_source=generator\" width=\"100%\" height=\"430\" frameborder=\"0\" allowfullscreen=\"allowfullscreen\"><\/iframe>[\/vc_column_text][vc_empty_space][\/vc_column][vc_column width=&#8221;1\/2&#8243;][\/vc_column][\/vc_row][vc_row css_animation=&#8221;&#8221; row_type=&#8221;row&#8221; use_row_as_full_screen_section=&#8221;no&#8221; type=&#8221;full_width&#8221; angled_section=&#8221;no&#8221; text_align=&#8221;left&#8221; background_image_as_pattern=&#8221;without_pattern&#8221;][vc_column][vc_empty_space][\/vc_column][\/vc_row][vc_row css_animation=&#8221;&#8221; row_type=&#8221;row&#8221; use_row_as_full_screen_section=&#8221;no&#8221; type=&#8221;full_width&#8221; angled_section=&#8221;no&#8221; text_align=&#8221;left&#8221; background_image_as_pattern=&#8221;without_pattern&#8221;][vc_column]\n\t\t\t<!-- START Suscripci\u00f3n a youtube ingl\u00e9s REVOLUTION SLIDER 6.7.41 --><p class=\"rs-p-wp-fix\"><\/p>\n\t\t\t<rs-module-wrap id=\"rev_slider_6_1_wrapper\" data-source=\"gallery\" style=\"visibility:hidden;background:#ededed;padding:0;margin:0px auto;margin-top:0;margin-bottom:0;\">\n\t\t\t\t<rs-module id=\"rev_slider_6_1\" style=\"\" data-version=\"6.7.41\">\n\t\t\t\t\t<rs-slides style=\"overflow: hidden; position: absolute;\">\n\t\t\t\t\t\t<rs-slide style=\"position: absolute;\" data-key=\"rs-8\" data-title=\"Slide\" data-anim=\"ms:1000;r:0;\" data-in=\"o:0;\" data-out=\"a:false;\">\n\t\t\t\t\t\t\t<img decoding=\"async\" src=\"\/\/losbrazos.com\/wp-content\/plugins\/revslider\/sr6\/assets\/assets\/dummy.png\" alt=\"Slide\" title=\"Live 2015-2017\" class=\"rev-slidebg tp-rs-img rs-lazyload\" data-lazyload=\"\/\/losbrazos.com\/wp-content\/plugins\/revslider\/sr6\/assets\/assets\/transparent.png\" data-no-retina>\n<!--\n\t\t\t\t\t\t\t--><rs-layer\n\t\t\t\t\t\t\t\tid=\"slider-6-slide-8-layer-0\" \n\t\t\t\t\t\t\t\tdata-type=\"image\"\n\t\t\t\t\t\t\t\tdata-rsp_ch=\"on\"\n\t\t\t\t\t\t\t\tdata-xy=\"xo:93px,82px,62px,27px;yo:30px,27px,20px,16px;\"\n\t\t\t\t\t\t\t\tdata-text=\"w:normal;s:20,14,10,6;l:0,18,13,8;\"\n\t\t\t\t\t\t\t\tdata-dim=\"w:50px,36px,27px,26px;h:50px,36px,27px,25.9961px;\"\n\t\t\t\t\t\t\t\tdata-frame_999=\"o:0;st:w;\"\n\t\t\t\t\t\t\t\tstyle=\"z-index:5;\"\n\t\t\t\t\t\t\t><img decoding=\"async\" src=\"\/\/losbrazos.com\/wp-content\/plugins\/revslider\/sr6\/assets\/assets\/dummy.png\" alt=\"universal-losbrazos-youtube\" class=\"tp-rs-img rs-lazyload\" width=\"50\" height=\"50\" data-lazyload=\"\/\/losbrazos.com\/wp-content\/uploads\/2022\/02\/universal-losbrazos-youtube.png\" data-no-retina> \n\t\t\t\t\t\t\t<\/rs-layer><!--\n\n\t\t\t\t\t\t\t--><rs-layer\n\t\t\t\t\t\t\t\tid=\"slider-6-slide-8-layer-1\" \n\t\t\t\t\t\t\t\tdata-type=\"text\"\n\t\t\t\t\t\t\t\tdata-color=\"#000000\"\n\t\t\t\t\t\t\t\tdata-rsp_ch=\"on\"\n\t\t\t\t\t\t\t\tdata-xy=\"xo:169px,144px,109px,67px;yo:-3px,5px,3px,11px;\"\n\t\t\t\t\t\t\t\tdata-text=\"w:normal;s:25,18,13,12;l:110,80,60,37;ls:7px,5px,3px,1px;\"\n\t\t\t\t\t\t\t\tdata-dim=\"minh:0px,none,none,none;\"\n\t\t\t\t\t\t\t\tdata-frame_999=\"o:0;st:w;\"\n\t\t\t\t\t\t\t\tstyle=\"z-index:6;font-family:'Oswald';\"\n\t\t\t\t\t\t\t>FOLLOW US ON OUR YOUTUBE CHANNEL! \n\t\t\t\t\t\t\t<\/rs-layer><!--\n\n\t\t\t\t\t\t\t--><a\n\t\t\t\t\t\t\t\tid=\"slider-6-slide-8-layer-2\" \n\t\t\t\t\t\t\t\tclass=\"rs-layer rev-btn\"\n\t\t\t\t\t\t\t\thref=\"https:\/\/www.youtube.com\/user\/losbrazosrock\" target=\"_self\" rel=\"nofollow\"\n\t\t\t\t\t\t\t\tdata-type=\"button\"\n\t\t\t\t\t\t\t\tdata-bsh=\"c:#461d7d;v:5px,3px,2px,2px;b:20px,14px,10px,9px;\"\n\t\t\t\t\t\t\t\tdata-rsp_ch=\"on\"\n\t\t\t\t\t\t\t\tdata-xy=\"xo:1082px,778px,591px,354px;yo:20px,19px,14px,12px;\"\n\t\t\t\t\t\t\t\tdata-text=\"w:normal;s:20,14,10,9;l:60,43,32,29;fw:500;\"\n\t\t\t\t\t\t\t\tdata-dim=\"minh:0px,none,none,none;\"\n\t\t\t\t\t\t\t\tdata-padding=\"r:60,44,33,31;l:60,44,33,31;\"\n\t\t\t\t\t\t\t\tdata-border=\"bor:5px,5px,5px,5px;\"\n\t\t\t\t\t\t\t\tdata-frame_0=\"x:0,0,0,0px;y:0,0,0,0px;sX:0.9;sY:0.9;\"\n\t\t\t\t\t\t\t\tdata-frame_1=\"x:0,0,0,0px;y:0,0,0,0px;sp:1000;\"\n\t\t\t\t\t\t\t\tdata-frame_999=\"o:0;st:w;\"\n\t\t\t\t\t\t\t\tdata-frame_hover=\"bgc:linear-gradient(rgba(255,94,58,1) 0%, rgba(255,42,104,1) 100%);bor:5px,5px,5px,5px;e:power1.inOut;bri:120%;\"\n\t\t\t\t\t\t\t\tstyle=\"z-index:7;background:linear-gradient(rgba(255,94,58,1) 0%, rgba(255,42,104,1) 100%);font-family:'Oswald';\"\n\t\t\t\t\t\t\t>SUBSCRIBE \n\t\t\t\t\t\t\t<\/a><!--\n-->\t\t\t\t\t<\/rs-slide>\n\t\t\t\t\t<\/rs-slides>\n\t\t\t\t<\/rs-module>\n\t\t\t\t<script>\n\t\t\t\t\tsetREVStartSize({c: 'rev_slider_6_1',rl:[1240,1024,778,480],el:[100,100,60,60],gw:[1400,1024,778,480],gh:[100,100,60,60],type:'standard',justify:'',layout:'fullwidth',mh:\"0\"});if (window.RS_MODULES!==undefined && window.RS_MODULES.modules!==undefined && window.RS_MODULES.modules[\"revslider61\"]!==undefined) {window.RS_MODULES.modules[\"revslider61\"].once = false;window.revapi6 = undefined;if (window.RS_MODULES.checkMinimal!==undefined) window.RS_MODULES.checkMinimal()}\n\t\t\t\t<\/script>\n\t\t\t<\/rs-module-wrap>\n\t\t\t<!-- END REVOLUTION SLIDER -->\n[\/vc_column][\/vc_row]<\/p>\n<\/div>","protected":false},"excerpt":{"rendered":"<p>[vc_row css_animation=&#8221;&#8221; row_type=&#8221;row&#8221; use_row_as_full_screen_section=&#8221;no&#8221; type=&#8221;grid&#8221; angled_section=&#8221;no&#8221; text_align=&#8221;left&#8221; background_image_as_pattern=&#8221;without_pattern&#8221; z_index=&#8221;&#8221;][vc_column width=&#8221;1\/4&#8243;][vc_single_image image=&#8221;3790&#8243; img_size=&#8221;500&#215;500&#8243; onclick=&#8221;custom_link&#8221; qode_css_animation=&#8221;&#8221; qode_hover_animation=&#8221;zoom_in&#8221; link=&#8221;https:\/\/open.spotify.com\/album\/64tazZdkkifuDa9Ed3vA3f&#8221;][vc_empty_space][\/vc_column][vc_column width=&#8221;3\/4&#8243;][vc_column_text] LIVE 2015-2017 [\/vc_column_text][vc_column_text]Mayo 11, 2018[\/vc_column_text][vc_empty_space height=&#8221;15px&#8221;][vc_column_text]Mezclado y masterizado en Sweet Saul Music Studios (Sopelana) por Sa\u00fal Santolaria y William. Artes gr\u00e1ficas por William. Publicado por Los Brazos y&#8230;<\/p>\n","protected":false},"author":1,"featured_media":0,"parent":4030,"menu_order":0,"comment_status":"closed","ping_status":"closed","template":"full_width.php","meta":{"footnotes":""},"class_list":["post-4046","page","type-page","status-publish","hentry"],"yoast_head":"<!-- This site is optimized with the Yoast SEO plugin v27.1.1 - https:\/\/yoast.com\/product\/yoast-seo-wordpress\/ -->\n<title>Live 2015-2017 | Los Brazos rock and roll music<\/title>\n<meta name=\"description\" content=\"Descubre Live 2015-2017, el \u00e1lbum de Los Brazos. Canciones que te har\u00e1n disfrutar como siempre y vibrar como nunca \u00a1Que lo disfrutes!\" \/>\n<meta name=\"robots\" content=\"index, follow, max-snippet:-1, max-image-preview:large, max-video-preview:-1\" \/>\n<link rel=\"canonical\" href=\"https:\/\/losbrazos.com\/en\/discography\/live-2015-2017\/\" \/>\n<meta property=\"og:locale\" content=\"en_US\" \/>\n<meta property=\"og:type\" content=\"article\" \/>\n<meta property=\"og:title\" content=\"Live 2015-2017 | Los Brazos rock and roll music\" \/>\n<meta property=\"og:description\" content=\"Descubre Live 2015-2017, el \u00e1lbum de Los Brazos. Canciones que te har\u00e1n disfrutar como siempre y vibrar como nunca \u00a1Que lo disfrutes!\" \/>\n<meta property=\"og:url\" content=\"https:\/\/losbrazos.com\/en\/discography\/live-2015-2017\/\" \/>\n<meta property=\"og:site_name\" content=\"Los Brazos\" \/>\n<meta property=\"article:modified_time\" content=\"2022-03-06T13:22:18+00:00\" \/>\n<meta name=\"twitter:card\" content=\"summary_large_image\" \/>\n<meta name=\"twitter:label1\" content=\"Est. reading time\" \/>\n\t<meta name=\"twitter:data1\" content=\"2 minutes\" \/>\n<script type=\"application\/ld+json\" class=\"yoast-schema-graph\">{\"@context\":\"https:\/\/schema.org\",\"@graph\":[{\"@type\":\"WebPage\",\"@id\":\"https:\/\/losbrazos.com\/en\/discography\/live-2015-2017\/\",\"url\":\"https:\/\/losbrazos.com\/en\/discography\/live-2015-2017\/\",\"name\":\"Live 2015-2017 | Los Brazos rock and roll music\",\"isPartOf\":{\"@id\":\"https:\/\/losbrazos.com\/en\/#website\"},\"datePublished\":\"2022-03-05T13:39:32+00:00\",\"dateModified\":\"2022-03-06T13:22:18+00:00\",\"description\":\"Descubre Live 2015-2017, el \u00e1lbum de Los Brazos. Canciones que te har\u00e1n disfrutar como siempre y vibrar como nunca \u00a1Que lo disfrutes!\",\"breadcrumb\":{\"@id\":\"https:\/\/losbrazos.com\/en\/discography\/live-2015-2017\/#breadcrumb\"},\"inLanguage\":\"en-US\",\"potentialAction\":[{\"@type\":\"ReadAction\",\"target\":[\"https:\/\/losbrazos.com\/en\/discography\/live-2015-2017\/\"]}]},{\"@type\":\"BreadcrumbList\",\"@id\":\"https:\/\/losbrazos.com\/en\/discography\/live-2015-2017\/#breadcrumb\",\"itemListElement\":[{\"@type\":\"ListItem\",\"position\":1,\"name\":\"Home\",\"item\":\"https:\/\/losbrazos.com\/en\/\"},{\"@type\":\"ListItem\",\"position\":2,\"name\":\"Discography\",\"item\":\"https:\/\/losbrazos.com\/en\/discografia\/\"},{\"@type\":\"ListItem\",\"position\":3,\"name\":\"Live 2015-2017\"}]},{\"@type\":\"WebSite\",\"@id\":\"https:\/\/losbrazos.com\/en\/#website\",\"url\":\"https:\/\/losbrazos.com\/en\/\",\"name\":\"Los Brazos\",\"description\":\"Simply rock and roll music\",\"potentialAction\":[{\"@type\":\"SearchAction\",\"target\":{\"@type\":\"EntryPoint\",\"urlTemplate\":\"https:\/\/losbrazos.com\/en\/?s={search_term_string}\"},\"query-input\":{\"@type\":\"PropertyValueSpecification\",\"valueRequired\":true,\"valueName\":\"search_term_string\"}}],\"inLanguage\":\"en-US\"}]}<\/script>\n<!-- \/ Yoast SEO plugin. -->","yoast_head_json":{"title":"Live 2015-2017 | Los Brazos rock and roll music","description":"Descubre Live 2015-2017, el \u00e1lbum de Los Brazos. Canciones que te har\u00e1n disfrutar como siempre y vibrar como nunca \u00a1Que lo disfrutes!","robots":{"index":"index","follow":"follow","max-snippet":"max-snippet:-1","max-image-preview":"max-image-preview:large","max-video-preview":"max-video-preview:-1"},"canonical":"https:\/\/losbrazos.com\/en\/discography\/live-2015-2017\/","og_locale":"en_US","og_type":"article","og_title":"Live 2015-2017 | Los Brazos rock and roll music","og_description":"Descubre Live 2015-2017, el \u00e1lbum de Los Brazos. Canciones que te har\u00e1n disfrutar como siempre y vibrar como nunca \u00a1Que lo disfrutes!","og_url":"https:\/\/losbrazos.com\/en\/discography\/live-2015-2017\/","og_site_name":"Los Brazos","article_modified_time":"2022-03-06T13:22:18+00:00","twitter_card":"summary_large_image","twitter_misc":{"Est. reading time":"2 minutes"},"schema":{"@context":"https:\/\/schema.org","@graph":[{"@type":"WebPage","@id":"https:\/\/losbrazos.com\/en\/discography\/live-2015-2017\/","url":"https:\/\/losbrazos.com\/en\/discography\/live-2015-2017\/","name":"Live 2015-2017 | Los Brazos rock and roll music","isPartOf":{"@id":"https:\/\/losbrazos.com\/en\/#website"},"datePublished":"2022-03-05T13:39:32+00:00","dateModified":"2022-03-06T13:22:18+00:00","description":"Descubre Live 2015-2017, el \u00e1lbum de Los Brazos. Canciones que te har\u00e1n disfrutar como siempre y vibrar como nunca \u00a1Que lo disfrutes!","breadcrumb":{"@id":"https:\/\/losbrazos.com\/en\/discography\/live-2015-2017\/#breadcrumb"},"inLanguage":"en-US","potentialAction":[{"@type":"ReadAction","target":["https:\/\/losbrazos.com\/en\/discography\/live-2015-2017\/"]}]},{"@type":"BreadcrumbList","@id":"https:\/\/losbrazos.com\/en\/discography\/live-2015-2017\/#breadcrumb","itemListElement":[{"@type":"ListItem","position":1,"name":"Home","item":"https:\/\/losbrazos.com\/en\/"},{"@type":"ListItem","position":2,"name":"Discography","item":"https:\/\/losbrazos.com\/en\/discografia\/"},{"@type":"ListItem","position":3,"name":"Live 2015-2017"}]},{"@type":"WebSite","@id":"https:\/\/losbrazos.com\/en\/#website","url":"https:\/\/losbrazos.com\/en\/","name":"Los Brazos","description":"Simply rock and roll music","potentialAction":[{"@type":"SearchAction","target":{"@type":"EntryPoint","urlTemplate":"https:\/\/losbrazos.com\/en\/?s={search_term_string}"},"query-input":{"@type":"PropertyValueSpecification","valueRequired":true,"valueName":"search_term_string"}}],"inLanguage":"en-US"}]}},"_links":{"self":[{"href":"https:\/\/losbrazos.com\/en\/wp-json\/wp\/v2\/pages\/4046","targetHints":{"allow":["GET"]}}],"collection":[{"href":"https:\/\/losbrazos.com\/en\/wp-json\/wp\/v2\/pages"}],"about":[{"href":"https:\/\/losbrazos.com\/en\/wp-json\/wp\/v2\/types\/page"}],"author":[{"embeddable":true,"href":"https:\/\/losbrazos.com\/en\/wp-json\/wp\/v2\/users\/1"}],"replies":[{"embeddable":true,"href":"https:\/\/losbrazos.com\/en\/wp-json\/wp\/v2\/comments?post=4046"}],"version-history":[{"count":2,"href":"https:\/\/losbrazos.com\/en\/wp-json\/wp\/v2\/pages\/4046\/revisions"}],"predecessor-version":[{"id":4209,"href":"https:\/\/losbrazos.com\/en\/wp-json\/wp\/v2\/pages\/4046\/revisions\/4209"}],"up":[{"embeddable":true,"href":"https:\/\/losbrazos.com\/en\/wp-json\/wp\/v2\/pages\/4030"}],"wp:attachment":[{"href":"https:\/\/losbrazos.com\/en\/wp-json\/wp\/v2\/media?parent=4046"}],"curies":[{"name":"wp","href":"https:\/\/api.w.org\/{rel}","templated":true}]}}