{"id":4030,"date":"2022-03-05T14:34:00","date_gmt":"2022-03-05T13:34:00","guid":{"rendered":"https:\/\/losbrazos.com\/discografia\/"},"modified":"2022-03-06T14:19:47","modified_gmt":"2022-03-06T13:19:47","slug":"discography","status":"publish","type":"page","link":"https:\/\/losbrazos.com\/en\/discography\/","title":{"rendered":"Discography"},"content":{"rendered":"<div class=\"wpb-content-wrapper\"><p>[vc_row css_animation=&#8221;&#8221; row_type=&#8221;row&#8221; use_row_as_full_screen_section=&#8221;no&#8221; type=&#8221;grid&#8221; angled_section=&#8221;no&#8221; text_align=&#8221;left&#8221; background_image_as_pattern=&#8221;without_pattern&#8221; z_index=&#8221;&#8221;][vc_column width=&#8221;1\/4&#8243;][vc_hoverbox image=&#8221;3380&#8243; primary_title=&#8221;&#8221; hover_title=&#8221;UNIVERSAL&#8221; hover_title_font_container=&#8221;color:%23000000&#8243; hover_title_google_fonts=&#8221;font_family:Oswald%3A300%2Cregular%2C700|font_style:400%20regular%3A400%3Anormal&#8221; shape=&#8221;square&#8221; hover_background_color=&#8221;custom&#8221; hover_title_link=&#8221;url:https%3A%2F%2Flosbrazos.com%2Fdiscografia%2Funiversal%2F|||&#8221; hover_custom_background=&#8221;#595959&#8243;]<\/p>\n<p style=\"text-align: center;\"><strong><span style=\"color: #ffffff;\"><a style=\"color: #ffffff;\" href=\"https:\/\/losbrazos.com\/en\/discography\/universal\/\">View Album<\/a><\/span><\/strong><\/p>\n<p>[\/vc_hoverbox][vc_empty_space height=&#8221;15px&#8221;][\/vc_column][vc_column width=&#8221;1\/4&#8243;][vc_hoverbox image=&#8221;3366&#8243; primary_title=&#8221;&#8221; hover_title=&#8221;LET ME GO&#8221; hover_title_font_container=&#8221;color:%23000000&#8243; hover_title_google_fonts=&#8221;font_family:Oswald%3A300%2Cregular%2C700|font_style:400%20regular%3A400%3Anormal&#8221; shape=&#8221;square&#8221; hover_background_color=&#8221;custom&#8221; hover_title_link=&#8221;url:https%3A%2F%2Flosbrazos.com%2Fdiscografia%2Funiversal%2F|||&#8221; hover_custom_background=&#8221;#595959&#8243;]<\/p>\n<p style=\"text-align: center;\"><strong><span style=\"color: #ffffff;\"><a style=\"color: #ffffff;\" href=\"https:\/\/losbrazos.com\/en\/discography\/let-me-go\/\">View Single<\/a><\/span><\/strong><\/p>\n<p>[\/vc_hoverbox][vc_empty_space height=&#8221;15px&#8221;][\/vc_column][vc_column width=&#8221;1\/4&#8243;][vc_hoverbox image=&#8221;3790&#8243; primary_title=&#8221;&#8221; hover_title=&#8221;LIVE 2015-2017&#8243; hover_title_font_container=&#8221;color:%23000000&#8243; hover_title_google_fonts=&#8221;font_family:Oswald%3A300%2Cregular%2C700|font_style:400%20regular%3A400%3Anormal&#8221; shape=&#8221;square&#8221; hover_background_color=&#8221;custom&#8221; hover_title_link=&#8221;url:https%3A%2F%2Flosbrazos.com%2Fdiscografia%2Funiversal%2F|||&#8221; hover_custom_background=&#8221;#595959&#8243;]<\/p>\n<p style=\"text-align: center;\"><strong><span style=\"color: #ffffff;\"><a style=\"color: #ffffff;\" href=\"https:\/\/losbrazos.com\/en\/discography\/live-2015-2017\/\">View \u00c1lbum<\/a><\/span><\/strong><\/p>\n<p>[\/vc_hoverbox][vc_empty_space height=&#8221;15px&#8221;][\/vc_column][vc_column width=&#8221;1\/4&#8243;][vc_hoverbox image=&#8221;4008&#8243; primary_title=&#8221;&#8221; hover_title=&#8221;MAGIC&#8221; hover_title_font_container=&#8221;color:%23000000&#8243; hover_title_google_fonts=&#8221;font_family:Oswald%3A300%2Cregular%2C700|font_style:400%20regular%3A400%3Anormal&#8221; shape=&#8221;square&#8221; hover_background_color=&#8221;custom&#8221; hover_title_link=&#8221;url:https%3A%2F%2Flosbrazos.com%2Fdiscografia%2Funiversal%2F|||&#8221; hover_custom_background=&#8221;#595959&#8243;]<\/p>\n<p style=\"text-align: center;\"><strong><span style=\"color: #ffffff;\"><a style=\"color: #ffffff;\" href=\"https:\/\/losbrazos.com\/en\/discography\/magic\/\">View Single<\/a><\/span><\/strong><\/p>\n<p>[\/vc_hoverbox][vc_empty_space height=&#8221;15px&#8221;][\/vc_column][\/vc_row][vc_row css_animation=&#8221;&#8221; row_type=&#8221;row&#8221; use_row_as_full_screen_section=&#8221;no&#8221; type=&#8221;full_width&#8221; angled_section=&#8221;no&#8221; text_align=&#8221;left&#8221; background_image_as_pattern=&#8221;without_pattern&#8221;][vc_column][vc_empty_space][\/vc_column][\/vc_row][vc_row css_animation=&#8221;&#8221; row_type=&#8221;row&#8221; use_row_as_full_screen_section=&#8221;no&#8221; type=&#8221;grid&#8221; angled_section=&#8221;no&#8221; text_align=&#8221;left&#8221; background_image_as_pattern=&#8221;without_pattern&#8221; z_index=&#8221;&#8221;][vc_column width=&#8221;1\/4&#8243;][vc_hoverbox image=&#8221;3744&#8243; primary_title=&#8221;&#8221; hover_title=&#8221;GAS&#8221; hover_title_font_container=&#8221;color:%23000000&#8243; hover_title_google_fonts=&#8221;font_family:Oswald%3A300%2Cregular%2C700|font_style:400%20regular%3A400%3Anormal&#8221; shape=&#8221;square&#8221; hover_background_color=&#8221;custom&#8221; hover_title_link=&#8221;url:https%3A%2F%2Flosbrazos.com%2Fdiscografia%2Funiversal%2F|||&#8221; hover_custom_background=&#8221;#595959&#8243;]<\/p>\n<p style=\"text-align: center;\"><strong><span style=\"color: #ffffff;\"><a style=\"color: #ffffff;\" href=\"https:\/\/losbrazos.com\/en\/discography\/gas\/\">View Album<\/a><\/span><\/strong><\/p>\n<p>[\/vc_hoverbox][vc_empty_space height=&#8221;15px&#8221;][\/vc_column][vc_column width=&#8221;1\/4&#8243;][vc_hoverbox image=&#8221;3898&#8243; primary_title=&#8221;&#8221; hover_title=&#8221;WELCOME TO LOS BRAZOS&#8221; hover_title_font_container=&#8221;color:%23000000&#8243; hover_title_google_fonts=&#8221;font_family:Oswald%3A300%2Cregular%2C700|font_style:400%20regular%3A400%3Anormal&#8221; shape=&#8221;square&#8221; hover_background_color=&#8221;custom&#8221; hover_title_link=&#8221;url:https%3A%2F%2Flosbrazos.com%2Fdiscografia%2Funiversal%2F|||&#8221; hover_custom_background=&#8221;#595959&#8243;]<\/p>\n<p style=\"text-align: center;\"><strong><span style=\"color: #ffffff;\"><a style=\"color: #ffffff;\" href=\"https:\/\/losbrazos.com\/en\/discography\/welcome-to-los-brazos\/\">View Album<\/a><\/span><\/strong><\/p>\n<p>[\/vc_hoverbox][vc_empty_space height=&#8221;15px&#8221;][\/vc_column][vc_column width=&#8221;1\/4&#8243;][vc_hoverbox image=&#8221;3975&#8243; primary_title=&#8221;&#8221; hover_title=&#8221;DELAY&#8221; hover_title_font_container=&#8221;color:%23000000&#8243; hover_title_google_fonts=&#8221;font_family:Oswald%3A300%2Cregular%2C700|font_style:400%20regular%3A400%3Anormal&#8221; shape=&#8221;square&#8221; hover_background_color=&#8221;custom&#8221; hover_title_link=&#8221;url:https%3A%2F%2Flosbrazos.com%2Fdiscografia%2Funiversal%2F|||&#8221; hover_custom_background=&#8221;#595959&#8243;]<\/p>\n<p style=\"text-align: center;\"><strong><span style=\"color: #ffffff;\"><a style=\"color: #ffffff;\" href=\"https:\/\/losbrazos.com\/en\/discography\/delay-10-classic-tracks\/\">View Album<\/a><\/span><\/strong><\/p>\n<p>[\/vc_hoverbox][vc_empty_space height=&#8221;15px&#8221;][\/vc_column][vc_column width=&#8221;1\/4&#8243;][\/vc_column][\/vc_row][vc_row css_animation=&#8221;&#8221; row_type=&#8221;row&#8221; use_row_as_full_screen_section=&#8221;no&#8221; type=&#8221;full_width&#8221; angled_section=&#8221;no&#8221; text_align=&#8221;left&#8221; background_image_as_pattern=&#8221;without_pattern&#8221;][vc_column][vc_empty_space][\/vc_column][\/vc_row][vc_row css_animation=&#8221;&#8221; row_type=&#8221;row&#8221; use_row_as_full_screen_section=&#8221;no&#8221; type=&#8221;full_width&#8221; angled_section=&#8221;no&#8221; text_align=&#8221;left&#8221; background_image_as_pattern=&#8221;without_pattern&#8221;][vc_column]\n\t\t\t<!-- START Suscripci\u00f3n a youtube ingl\u00e9s REVOLUTION SLIDER 6.7.41 --><p class=\"rs-p-wp-fix\"><\/p>\n\t\t\t<rs-module-wrap id=\"rev_slider_6_1_wrapper\" data-source=\"gallery\" style=\"visibility:hidden;background:#ededed;padding:0;margin:0px auto;margin-top:0;margin-bottom:0;\">\n\t\t\t\t<rs-module id=\"rev_slider_6_1\" style=\"\" data-version=\"6.7.41\">\n\t\t\t\t\t<rs-slides style=\"overflow: hidden; position: absolute;\">\n\t\t\t\t\t\t<rs-slide style=\"position: absolute;\" data-key=\"rs-8\" data-title=\"Slide\" data-anim=\"ms:1000;r:0;\" data-in=\"o:0;\" data-out=\"a:false;\">\n\t\t\t\t\t\t\t<img decoding=\"async\" src=\"\/\/losbrazos.com\/wp-content\/plugins\/revslider\/sr6\/assets\/assets\/dummy.png\" alt=\"Slide\" title=\"Discography\" class=\"rev-slidebg tp-rs-img rs-lazyload\" data-lazyload=\"\/\/losbrazos.com\/wp-content\/plugins\/revslider\/sr6\/assets\/assets\/transparent.png\" data-no-retina>\n<!--\n\t\t\t\t\t\t\t--><rs-layer\n\t\t\t\t\t\t\t\tid=\"slider-6-slide-8-layer-0\" \n\t\t\t\t\t\t\t\tdata-type=\"image\"\n\t\t\t\t\t\t\t\tdata-rsp_ch=\"on\"\n\t\t\t\t\t\t\t\tdata-xy=\"xo:93px,82px,62px,27px;yo:30px,27px,20px,16px;\"\n\t\t\t\t\t\t\t\tdata-text=\"w:normal;s:20,14,10,6;l:0,18,13,8;\"\n\t\t\t\t\t\t\t\tdata-dim=\"w:50px,36px,27px,26px;h:50px,36px,27px,25.9961px;\"\n\t\t\t\t\t\t\t\tdata-frame_999=\"o:0;st:w;\"\n\t\t\t\t\t\t\t\tstyle=\"z-index:5;\"\n\t\t\t\t\t\t\t><img decoding=\"async\" src=\"\/\/losbrazos.com\/wp-content\/plugins\/revslider\/sr6\/assets\/assets\/dummy.png\" alt=\"universal-losbrazos-youtube\" class=\"tp-rs-img rs-lazyload\" width=\"50\" height=\"50\" data-lazyload=\"\/\/losbrazos.com\/wp-content\/uploads\/2022\/02\/universal-losbrazos-youtube.png\" data-no-retina> \n\t\t\t\t\t\t\t<\/rs-layer><!--\n\n\t\t\t\t\t\t\t--><rs-layer\n\t\t\t\t\t\t\t\tid=\"slider-6-slide-8-layer-1\" \n\t\t\t\t\t\t\t\tdata-type=\"text\"\n\t\t\t\t\t\t\t\tdata-color=\"#000000\"\n\t\t\t\t\t\t\t\tdata-rsp_ch=\"on\"\n\t\t\t\t\t\t\t\tdata-xy=\"xo:169px,144px,109px,67px;yo:-3px,5px,3px,11px;\"\n\t\t\t\t\t\t\t\tdata-text=\"w:normal;s:25,18,13,12;l:110,80,60,37;ls:7px,5px,3px,1px;\"\n\t\t\t\t\t\t\t\tdata-dim=\"minh:0px,none,none,none;\"\n\t\t\t\t\t\t\t\tdata-frame_999=\"o:0;st:w;\"\n\t\t\t\t\t\t\t\tstyle=\"z-index:6;font-family:'Oswald';\"\n\t\t\t\t\t\t\t>FOLLOW US ON OUR YOUTUBE CHANNEL! \n\t\t\t\t\t\t\t<\/rs-layer><!--\n\n\t\t\t\t\t\t\t--><a\n\t\t\t\t\t\t\t\tid=\"slider-6-slide-8-layer-2\" \n\t\t\t\t\t\t\t\tclass=\"rs-layer rev-btn\"\n\t\t\t\t\t\t\t\thref=\"https:\/\/www.youtube.com\/user\/losbrazosrock\" target=\"_self\" rel=\"nofollow\"\n\t\t\t\t\t\t\t\tdata-type=\"button\"\n\t\t\t\t\t\t\t\tdata-bsh=\"c:#461d7d;v:5px,3px,2px,2px;b:20px,14px,10px,9px;\"\n\t\t\t\t\t\t\t\tdata-rsp_ch=\"on\"\n\t\t\t\t\t\t\t\tdata-xy=\"xo:1082px,778px,591px,354px;yo:20px,19px,14px,12px;\"\n\t\t\t\t\t\t\t\tdata-text=\"w:normal;s:20,14,10,9;l:60,43,32,29;fw:500;\"\n\t\t\t\t\t\t\t\tdata-dim=\"minh:0px,none,none,none;\"\n\t\t\t\t\t\t\t\tdata-padding=\"r:60,44,33,31;l:60,44,33,31;\"\n\t\t\t\t\t\t\t\tdata-border=\"bor:5px,5px,5px,5px;\"\n\t\t\t\t\t\t\t\tdata-frame_0=\"x:0,0,0,0px;y:0,0,0,0px;sX:0.9;sY:0.9;\"\n\t\t\t\t\t\t\t\tdata-frame_1=\"x:0,0,0,0px;y:0,0,0,0px;sp:1000;\"\n\t\t\t\t\t\t\t\tdata-frame_999=\"o:0;st:w;\"\n\t\t\t\t\t\t\t\tdata-frame_hover=\"bgc:linear-gradient(rgba(255,94,58,1) 0%, rgba(255,42,104,1) 100%);bor:5px,5px,5px,5px;e:power1.inOut;bri:120%;\"\n\t\t\t\t\t\t\t\tstyle=\"z-index:7;background:linear-gradient(rgba(255,94,58,1) 0%, rgba(255,42,104,1) 100%);font-family:'Oswald';\"\n\t\t\t\t\t\t\t>SUBSCRIBE \n\t\t\t\t\t\t\t<\/a><!--\n-->\t\t\t\t\t<\/rs-slide>\n\t\t\t\t\t<\/rs-slides>\n\t\t\t\t<\/rs-module>\n\t\t\t\t<script>\n\t\t\t\t\tsetREVStartSize({c: 'rev_slider_6_1',rl:[1240,1024,778,480],el:[100,100,60,60],gw:[1400,1024,778,480],gh:[100,100,60,60],type:'standard',justify:'',layout:'fullwidth',mh:\"0\"});if (window.RS_MODULES!==undefined && window.RS_MODULES.modules!==undefined && window.RS_MODULES.modules[\"revslider61\"]!==undefined) {window.RS_MODULES.modules[\"revslider61\"].once = false;window.revapi6 = undefined;if (window.RS_MODULES.checkMinimal!==undefined) window.RS_MODULES.checkMinimal()}\n\t\t\t\t<\/script>\n\t\t\t<\/rs-module-wrap>\n\t\t\t<!-- END REVOLUTION SLIDER -->\n[\/vc_column][\/vc_row]<\/p>\n<\/div>","protected":false},"excerpt":{"rendered":"<p>[vc_row css_animation=&#8221;&#8221; row_type=&#8221;row&#8221; use_row_as_full_screen_section=&#8221;no&#8221; type=&#8221;grid&#8221; angled_section=&#8221;no&#8221; text_align=&#8221;left&#8221; background_image_as_pattern=&#8221;without_pattern&#8221; z_index=&#8221;&#8221;][vc_column width=&#8221;1\/4&#8243;][vc_hoverbox image=&#8221;3380&#8243; primary_title=&#8221;&#8221; hover_title=&#8221;UNIVERSAL&#8221; hover_title_font_container=&#8221;color:%23000000&#8243; hover_title_google_fonts=&#8221;font_family:Oswald%3A300%2Cregular%2C700|font_style:400%20regular%3A400%3Anormal&#8221; shape=&#8221;square&#8221; hover_background_color=&#8221;custom&#8221; hover_title_link=&#8221;url:https%3A%2F%2Flosbrazos.com%2Fdiscografia%2Funiversal%2F|||&#8221; hover_custom_background=&#8221;#595959&#8243;] View Album [\/vc_hoverbox][vc_empty_space height=&#8221;15px&#8221;][\/vc_column][vc_column width=&#8221;1\/4&#8243;][vc_hoverbox image=&#8221;3366&#8243; primary_title=&#8221;&#8221; hover_title=&#8221;LET ME GO&#8221; hover_title_font_container=&#8221;color:%23000000&#8243; hover_title_google_fonts=&#8221;font_family:Oswald%3A300%2Cregular%2C700|font_style:400%20regular%3A400%3Anormal&#8221; shape=&#8221;square&#8221; hover_background_color=&#8221;custom&#8221; hover_title_link=&#8221;url:https%3A%2F%2Flosbrazos.com%2Fdiscografia%2Funiversal%2F|||&#8221; hover_custom_background=&#8221;#595959&#8243;] View Single [\/vc_hoverbox][vc_empty_space height=&#8221;15px&#8221;][\/vc_column][vc_column width=&#8221;1\/4&#8243;][vc_hoverbox image=&#8221;3790&#8243; primary_title=&#8221;&#8221; hover_title=&#8221;LIVE 2015-2017&#8243; hover_title_font_container=&#8221;color:%23000000&#8243;&#8230;<\/p>\n","protected":false},"author":1,"featured_media":0,"parent":0,"menu_order":0,"comment_status":"closed","ping_status":"closed","template":"full_width.php","meta":{"footnotes":""},"class_list":["post-4030","page","type-page","status-publish","hentry"],"yoast_head":"<!-- This site is optimized with the Yoast SEO plugin v27.1.1 - https:\/\/yoast.com\/product\/yoast-seo-wordpress\/ -->\n<title>Discograf\u00eda Los Brazos | Los Brazos rock and roll music<\/title>\n<meta name=\"description\" content=\"Descubre la discograf\u00eda completa de Los Brazos. \u00c1lbumes de estudio, \u00e1lbumes en vivo, singles y mucho m\u00e1s. \u00a1Que la disfrutes!\" \/>\n<meta name=\"robots\" content=\"index, follow, max-snippet:-1, max-image-preview:large, max-video-preview:-1\" \/>\n<link rel=\"canonical\" href=\"https:\/\/losbrazos.com\/en\/discography\/\" \/>\n<meta property=\"og:locale\" content=\"en_US\" \/>\n<meta property=\"og:type\" content=\"article\" \/>\n<meta property=\"og:title\" content=\"Discograf\u00eda Los Brazos | Los Brazos rock and roll music\" \/>\n<meta property=\"og:description\" content=\"Descubre la discograf\u00eda completa de Los Brazos. \u00c1lbumes de estudio, \u00e1lbumes en vivo, singles y mucho m\u00e1s. \u00a1Que la disfrutes!\" \/>\n<meta property=\"og:url\" content=\"https:\/\/losbrazos.com\/en\/discography\/\" \/>\n<meta property=\"og:site_name\" content=\"Los Brazos\" \/>\n<meta property=\"article:modified_time\" content=\"2022-03-06T13:19:47+00:00\" \/>\n<meta name=\"twitter:card\" content=\"summary_large_image\" \/>\n<meta name=\"twitter:label1\" content=\"Est. reading time\" \/>\n\t<meta name=\"twitter:data1\" content=\"1 minute\" \/>\n<script type=\"application\/ld+json\" class=\"yoast-schema-graph\">{\"@context\":\"https:\/\/schema.org\",\"@graph\":[{\"@type\":\"WebPage\",\"@id\":\"https:\/\/losbrazos.com\/en\/discography\/\",\"url\":\"https:\/\/losbrazos.com\/en\/discography\/\",\"name\":\"Discograf\u00eda Los Brazos | Los Brazos rock and roll music\",\"isPartOf\":{\"@id\":\"https:\/\/losbrazos.com\/en\/#website\"},\"datePublished\":\"2022-03-05T13:34:00+00:00\",\"dateModified\":\"2022-03-06T13:19:47+00:00\",\"description\":\"Descubre la discograf\u00eda completa de Los Brazos. \u00c1lbumes de estudio, \u00e1lbumes en vivo, singles y mucho m\u00e1s. \u00a1Que la disfrutes!\",\"breadcrumb\":{\"@id\":\"https:\/\/losbrazos.com\/en\/discography\/#breadcrumb\"},\"inLanguage\":\"en-US\",\"potentialAction\":[{\"@type\":\"ReadAction\",\"target\":[\"https:\/\/losbrazos.com\/en\/discography\/\"]}]},{\"@type\":\"BreadcrumbList\",\"@id\":\"https:\/\/losbrazos.com\/en\/discography\/#breadcrumb\",\"itemListElement\":[{\"@type\":\"ListItem\",\"position\":1,\"name\":\"Home\",\"item\":\"https:\/\/losbrazos.com\/en\/\"},{\"@type\":\"ListItem\",\"position\":2,\"name\":\"Discography\"}]},{\"@type\":\"WebSite\",\"@id\":\"https:\/\/losbrazos.com\/en\/#website\",\"url\":\"https:\/\/losbrazos.com\/en\/\",\"name\":\"Los Brazos\",\"description\":\"Simply rock and roll music\",\"potentialAction\":[{\"@type\":\"SearchAction\",\"target\":{\"@type\":\"EntryPoint\",\"urlTemplate\":\"https:\/\/losbrazos.com\/en\/?s={search_term_string}\"},\"query-input\":{\"@type\":\"PropertyValueSpecification\",\"valueRequired\":true,\"valueName\":\"search_term_string\"}}],\"inLanguage\":\"en-US\"}]}<\/script>\n<!-- \/ Yoast SEO plugin. -->","yoast_head_json":{"title":"Discograf\u00eda Los Brazos | Los Brazos rock and roll music","description":"Descubre la discograf\u00eda completa de Los Brazos. \u00c1lbumes de estudio, \u00e1lbumes en vivo, singles y mucho m\u00e1s. \u00a1Que la disfrutes!","robots":{"index":"index","follow":"follow","max-snippet":"max-snippet:-1","max-image-preview":"max-image-preview:large","max-video-preview":"max-video-preview:-1"},"canonical":"https:\/\/losbrazos.com\/en\/discography\/","og_locale":"en_US","og_type":"article","og_title":"Discograf\u00eda Los Brazos | Los Brazos rock and roll music","og_description":"Descubre la discograf\u00eda completa de Los Brazos. \u00c1lbumes de estudio, \u00e1lbumes en vivo, singles y mucho m\u00e1s. \u00a1Que la disfrutes!","og_url":"https:\/\/losbrazos.com\/en\/discography\/","og_site_name":"Los Brazos","article_modified_time":"2022-03-06T13:19:47+00:00","twitter_card":"summary_large_image","twitter_misc":{"Est. reading time":"1 minute"},"schema":{"@context":"https:\/\/schema.org","@graph":[{"@type":"WebPage","@id":"https:\/\/losbrazos.com\/en\/discography\/","url":"https:\/\/losbrazos.com\/en\/discography\/","name":"Discograf\u00eda Los Brazos | Los Brazos rock and roll music","isPartOf":{"@id":"https:\/\/losbrazos.com\/en\/#website"},"datePublished":"2022-03-05T13:34:00+00:00","dateModified":"2022-03-06T13:19:47+00:00","description":"Descubre la discograf\u00eda completa de Los Brazos. \u00c1lbumes de estudio, \u00e1lbumes en vivo, singles y mucho m\u00e1s. \u00a1Que la disfrutes!","breadcrumb":{"@id":"https:\/\/losbrazos.com\/en\/discography\/#breadcrumb"},"inLanguage":"en-US","potentialAction":[{"@type":"ReadAction","target":["https:\/\/losbrazos.com\/en\/discography\/"]}]},{"@type":"BreadcrumbList","@id":"https:\/\/losbrazos.com\/en\/discography\/#breadcrumb","itemListElement":[{"@type":"ListItem","position":1,"name":"Home","item":"https:\/\/losbrazos.com\/en\/"},{"@type":"ListItem","position":2,"name":"Discography"}]},{"@type":"WebSite","@id":"https:\/\/losbrazos.com\/en\/#website","url":"https:\/\/losbrazos.com\/en\/","name":"Los Brazos","description":"Simply rock and roll music","potentialAction":[{"@type":"SearchAction","target":{"@type":"EntryPoint","urlTemplate":"https:\/\/losbrazos.com\/en\/?s={search_term_string}"},"query-input":{"@type":"PropertyValueSpecification","valueRequired":true,"valueName":"search_term_string"}}],"inLanguage":"en-US"}]}},"_links":{"self":[{"href":"https:\/\/losbrazos.com\/en\/wp-json\/wp\/v2\/pages\/4030","targetHints":{"allow":["GET"]}}],"collection":[{"href":"https:\/\/losbrazos.com\/en\/wp-json\/wp\/v2\/pages"}],"about":[{"href":"https:\/\/losbrazos.com\/en\/wp-json\/wp\/v2\/types\/page"}],"author":[{"embeddable":true,"href":"https:\/\/losbrazos.com\/en\/wp-json\/wp\/v2\/users\/1"}],"replies":[{"embeddable":true,"href":"https:\/\/losbrazos.com\/en\/wp-json\/wp\/v2\/comments?post=4030"}],"version-history":[{"count":6,"href":"https:\/\/losbrazos.com\/en\/wp-json\/wp\/v2\/pages\/4030\/revisions"}],"predecessor-version":[{"id":4203,"href":"https:\/\/losbrazos.com\/en\/wp-json\/wp\/v2\/pages\/4030\/revisions\/4203"}],"wp:attachment":[{"href":"https:\/\/losbrazos.com\/en\/wp-json\/wp\/v2\/media?parent=4030"}],"curies":[{"name":"wp","href":"https:\/\/api.w.org\/{rel}","templated":true}]}}