{"id":4019,"date":"2022-03-05T14:38:17","date_gmt":"2022-03-05T13:38:17","guid":{"rendered":"https:\/\/losbrazos.com\/universal\/"},"modified":"2022-03-09T00:16:28","modified_gmt":"2022-03-08T23:16:28","slug":"universal","status":"publish","type":"page","link":"https:\/\/losbrazos.com\/en\/discography\/universal\/","title":{"rendered":"Universal"},"content":{"rendered":"<div class=\"wpb-content-wrapper\"><p>[vc_row css_animation=&#8221;&#8221; row_type=&#8221;row&#8221; use_row_as_full_screen_section=&#8221;no&#8221; type=&#8221;grid&#8221; angled_section=&#8221;no&#8221; text_align=&#8221;left&#8221; background_image_as_pattern=&#8221;without_pattern&#8221; z_index=&#8221;&#8221;][vc_column width=&#8221;1\/4&#8243;][vc_single_image image=&#8221;3380&#8243; img_size=&#8221;500&#215;500&#8243; onclick=&#8221;custom_link&#8221; qode_css_animation=&#8221;&#8221; qode_hover_animation=&#8221;zoom_in&#8221;][vc_empty_space][\/vc_column][vc_column width=&#8221;3\/4&#8243;][vc_column_text]<\/p>\n<h2>UNIVERSAL<\/h2>\n<p>[\/vc_column_text][vc_column_text]Mar 9, 2022[\/vc_column_text][vc_empty_space height=&#8221;15px&#8221;][vc_column_text]Grabado, mezclado y masterizado en Sweet Saul Music Studio por Guillermo \u201cWilliam\u201d Guti\u00e9rrez y Sa\u00fal Santolaria.<\/p>\n<p>Publicado por Los Brazos y The Music Company.<\/p>\n<p>Artes gr\u00e1ficas por <a href=\"https:\/\/www.instagram.com\/vandermottenartwork\/\">Kakun van der Motten<\/a>.[\/vc_column_text][vc_empty_space height=&#8221;20px&#8221;][vc_row_inner row_type=&#8221;row&#8221; type=&#8221;full_width&#8221; text_align=&#8221;left&#8221; css_animation=&#8221;&#8221;][vc_column_inner width=&#8221;1\/12&#8243;][vc_single_image image=&#8221;3999&#8243; img_size=&#8221;full&#8221; onclick=&#8221;custom_link&#8221; qode_css_animation=&#8221;&#8221; link=&#8221;https:\/\/www.lacasadeldisco.es\/artistas\/los-brazos&#8221;][vc_empty_space height=&#8221;8px&#8221;][\/vc_column_inner][vc_column_inner width=&#8221;1\/12&#8243;][vc_single_image image=&#8221;3991&#8243; img_size=&#8221;full&#8221; onclick=&#8221;custom_link&#8221; qode_css_animation=&#8221;&#8221; link=&#8221;https:\/\/open.spotify.com\/album\/2H9xRsNfl9frE9qsXfmFQs&#8221;][vc_empty_space height=&#8221;8px&#8221;][\/vc_column_inner][vc_column_inner width=&#8221;1\/12&#8243;][vc_single_image image=&#8221;3993&#8243; img_size=&#8221;full&#8221; onclick=&#8221;custom_link&#8221; qode_css_animation=&#8221;&#8221; link=&#8221;https:\/\/music.apple.com\/es\/album\/universal\/1605616063&#8243;][\/vc_column_inner][vc_column_inner width=&#8221;9\/12&#8243;][\/vc_column_inner][\/vc_row_inner][vc_empty_space height=&#8221;35px&#8221;][\/vc_column][\/vc_row][vc_row css_animation=&#8221;&#8221; row_type=&#8221;row&#8221; use_row_as_full_screen_section=&#8221;no&#8221; type=&#8221;grid&#8221; angled_section=&#8221;no&#8221; text_align=&#8221;left&#8221; background_image_as_pattern=&#8221;without_pattern&#8221; z_index=&#8221;&#8221;][vc_column][vc_column_text]<\/p>\n<p dir=\"ltr\">&#8220;Universal&#8221; dispara rock and roll en todas direcciones, como es marca de la casa, pero cuenta con una producci\u00f3n muy distinta de las cuatro precedentes.<\/p>\n<p>[\/vc_column_text][vc_empty_space height=&#8221;15px&#8221;][vc_column_text]El internacionalmente reconocido tr\u00edo de rock vasco Los Brazos, nacido en los alrededores de Bilbao y una de las bandas m\u00e1s activas de toda la pen\u00ednsula (Alberto Chamorro, Bater\u00eda, Jos\u00e9 Miguel G\u00e1ndara, Bajo, y Guillermo Guti\u00e9rrez, guitarra y voz), lanzar\u00e1 su nuevo \u00e1lbum, &#8220;Universal&#8221; en marzo de 2022. Para el lanzamiento la banda volver\u00e1 a trabajar con The Music Company, el sello senior de Rock Estatal Records. El \u00e1lbum re\u00fane 9 potentes cortes que pasean por el hard rock, el rockabilly, el country o el folk, conservando as\u00ed el esp\u00edritu de una banda que se niega a obsesionarse con un solo ritmo.[\/vc_column_text][vc_empty_space height=&#8221;15px&#8221;][vc_column_text]<\/p>\n<p dir=\"ltr\">Producido por William en colaboraci\u00f3n imprescindible con el productor vizca\u00edno Sa\u00fal Santolaria, \u201cUniversal\u201d presenta grandes cambios en el estilo de las grabaciones de los cuatro \u00e1lbumes precedentes de Los Brazos: sorprendentes arreglos corales, una base r\u00edtmica insuperable -con un bajo muy polivalente y una bater\u00eda renovada, precisa y adaptada a cada estilo- una voz m\u00e1s poderosa que nunca, guitarras incendiarias y muchas novedades para un disco que consigue reproducir fielmente el sonido real de este tr\u00edo que suena a sexteto sobre el escenario.<\/p>\n<p>[\/vc_column_text][vc_empty_space height=&#8221;15px&#8221;][vc_column_text]<\/p>\n<p dir=\"ltr\">En palabras de la banda: &#8220;Universal es el disco que nunca hemos tenido tiempo de hacer: la esencia de Los Brazos con m\u00e1s fuerza, brillo y calidad ac\u00fastica que nunca: es imposible no querer subir el volumen y cantar a los cuatro vientos: Universal os va a hacer sonre\u00edr, bailar y disfrutar de lo lindo.&#8221;<\/p>\n<p>[\/vc_column_text][vc_empty_space height=&#8221;15px&#8221;][vc_column_text]<\/p>\n<p dir=\"ltr\">Con este inspirador t\u00edtulo, tributo a los sentimientos que hermanan a todas las vidas, Universal ruge, susurra y golpea con fuerza como un mazo con el bajo de Jos\u00e9 Miguel &#8220;Txemi&#8221; G\u00e1ndara, la bater\u00eda de Alberto&#8221; Koki&#8221; Chamorro y la guitarra de Guillermo &#8220;William&#8221; Guti\u00e9rrez.<\/p>\n<p>[\/vc_column_text][vc_empty_space height=&#8221;15px&#8221;][vc_column_text]<\/p>\n<p dir=\"ltr\">En palabras de la banda:<\/p>\n<p>[\/vc_column_text][vc_empty_space height=&#8221;15px&#8221;][vc_column_text]<\/p>\n<p dir=\"ltr\">&#8220;Universal es un disco que ha necesitado tiempo para materializarse, que ha exigido lo mejor de nosotros t\u00e9cnica y humanamente, y que nos ha obligado a hablar abiertamente de nuestras vidas, de nuestras frustraciones, de nuestras limitaciones y de cada paso del proceso creativo de cada uno de nosotros. Una destilaci\u00f3n de la que han salido nueve canciones que, por raro que suene, parecen haberse elegido a s\u00ed mismas.<\/p>\n<p>[\/vc_column_text][vc_empty_space height=&#8221;15px&#8221;][vc_column_text]<\/p>\n<p dir=\"ltr\">\u00c9ste es un disco compuesto con mucho mimo y tambi\u00e9n una grabaci\u00f3n diametralmente opuesta a lo habitual en Los Brazos: escuchar\u00e9is m\u00e1s instrumentos, m\u00e1s voces y nuevos estilos. Vais a comprobar que a esta banda a\u00fan le quedan muchos nuevos territorios que explorar. Las letras han querido reflejar esta evoluci\u00f3n y tambi\u00e9n vais a notarlo en ellas. Este \u00e1lbum viene para quedarse y por eso hemos querido cuidar cada detalle.<\/p>\n<p>[\/vc_column_text][vc_empty_space height=&#8221;15px&#8221;][vc_column_text]Vamos a pasar un buen rato gracias a estas canciones y cada concierto va a ser una fiesta.&#8221;[\/vc_column_text][vc_empty_space height=&#8221;15px&#8221;][vc_column_text]<\/p>\n<p dir=\"ltr\">&#8220;La curiosa portada de Universal representa lo fr\u00e1gil, c\u00e1lido y ef\u00edmero de un coraz\u00f3n, una vida, en contraste con lo impenetrable, fr\u00edo e indeleble de la piedra que lo representa. La vida consciente de la muerte, el amor con sus dosis de dolor: una universalidad c\u00edclica de pensamientos y vidas, en definitiva. Todo aquello que nos une frente a todo lo que nos intenta separar.<\/p>\n<p>[\/vc_column_text][vc_empty_space height=&#8221;15px&#8221;][vc_column_text]<\/p>\n<p dir=\"ltr\">Esta portada es una fiel representaci\u00f3n de una evoluci\u00f3n en esta banda, cada vez m\u00e1s unida y cada vez m\u00e1s cercana y abierta, menos preocupada por justificarse y m\u00e1s expl\u00edcita quiz\u00e1s. Una expresi\u00f3n de la jornada de puertas abiertas a nuestros corazones que supone cada canci\u00f3n, cada concierto y cada paso adelante que damos.<\/p>\n<p>[\/vc_column_text][vc_empty_space height=&#8221;15px&#8221;][vc_column_text]<\/p>\n<p dir=\"ltr\">Los Brazos hemos querido dar un giro con este dise\u00f1o y abrir en canal todo nuestro esp\u00edritu y amor a las personas con las que nos encontramos y compartimos camino, mostrar todo lo que tenemos en com\u00fan y todo lo que queremos que perdure por mucho tiempo. Con lo bueno y con lo malo, claro.&#8221;<\/p>\n<p>[\/vc_column_text][vc_empty_space][\/vc_column][\/vc_row][vc_row css_animation=&#8221;&#8221; row_type=&#8221;row&#8221; use_row_as_full_screen_section=&#8221;no&#8221; type=&#8221;grid&#8221; angled_section=&#8221;no&#8221; text_align=&#8221;left&#8221; background_image_as_pattern=&#8221;without_pattern&#8221; z_index=&#8221;&#8221;][vc_column width=&#8221;1\/2&#8243;][vc_column_text]<iframe loading=\"lazy\" style=\"border-radius: 12px;\" src=\"https:\/\/open.spotify.com\/embed\/album\/5ikunRnJuBdG4X8AV4nbNo?utm_source=generator\" width=\"100%\" height=\"430\" frameborder=\"0\" allowfullscreen=\"allowfullscreen\"><\/iframe>[\/vc_column_text][vc_empty_space][\/vc_column][vc_column width=&#8221;1\/2&#8243;][\/vc_column][\/vc_row][vc_row css_animation=&#8221;&#8221; row_type=&#8221;row&#8221; use_row_as_full_screen_section=&#8221;no&#8221; type=&#8221;full_width&#8221; angled_section=&#8221;no&#8221; text_align=&#8221;left&#8221; background_image_as_pattern=&#8221;without_pattern&#8221;][vc_column][vc_empty_space][\/vc_column][\/vc_row][vc_row css_animation=&#8221;&#8221; row_type=&#8221;row&#8221; use_row_as_full_screen_section=&#8221;no&#8221; type=&#8221;full_width&#8221; angled_section=&#8221;no&#8221; text_align=&#8221;left&#8221; background_image_as_pattern=&#8221;without_pattern&#8221;][vc_column]\n\t\t\t<!-- START Suscripci\u00f3n a youtube ingl\u00e9s REVOLUTION SLIDER 6.7.41 --><p class=\"rs-p-wp-fix\"><\/p>\n\t\t\t<rs-module-wrap id=\"rev_slider_6_1_wrapper\" data-source=\"gallery\" style=\"visibility:hidden;background:#ededed;padding:0;margin:0px auto;margin-top:0;margin-bottom:0;\">\n\t\t\t\t<rs-module id=\"rev_slider_6_1\" style=\"\" data-version=\"6.7.41\">\n\t\t\t\t\t<rs-slides style=\"overflow: hidden; position: absolute;\">\n\t\t\t\t\t\t<rs-slide style=\"position: absolute;\" data-key=\"rs-8\" data-title=\"Slide\" data-anim=\"ms:1000;r:0;\" data-in=\"o:0;\" data-out=\"a:false;\">\n\t\t\t\t\t\t\t<img decoding=\"async\" src=\"\/\/losbrazos.com\/wp-content\/plugins\/revslider\/sr6\/assets\/assets\/dummy.png\" alt=\"Slide\" title=\"Universal\" class=\"rev-slidebg tp-rs-img rs-lazyload\" data-lazyload=\"\/\/losbrazos.com\/wp-content\/plugins\/revslider\/sr6\/assets\/assets\/transparent.png\" data-no-retina>\n<!--\n\t\t\t\t\t\t\t--><rs-layer\n\t\t\t\t\t\t\t\tid=\"slider-6-slide-8-layer-0\" \n\t\t\t\t\t\t\t\tdata-type=\"image\"\n\t\t\t\t\t\t\t\tdata-rsp_ch=\"on\"\n\t\t\t\t\t\t\t\tdata-xy=\"xo:93px,82px,62px,27px;yo:30px,27px,20px,16px;\"\n\t\t\t\t\t\t\t\tdata-text=\"w:normal;s:20,14,10,6;l:0,18,13,8;\"\n\t\t\t\t\t\t\t\tdata-dim=\"w:50px,36px,27px,26px;h:50px,36px,27px,25.9961px;\"\n\t\t\t\t\t\t\t\tdata-frame_999=\"o:0;st:w;\"\n\t\t\t\t\t\t\t\tstyle=\"z-index:5;\"\n\t\t\t\t\t\t\t><img decoding=\"async\" src=\"\/\/losbrazos.com\/wp-content\/plugins\/revslider\/sr6\/assets\/assets\/dummy.png\" alt=\"universal-losbrazos-youtube\" class=\"tp-rs-img rs-lazyload\" width=\"50\" height=\"50\" data-lazyload=\"\/\/losbrazos.com\/wp-content\/uploads\/2022\/02\/universal-losbrazos-youtube.png\" data-no-retina> \n\t\t\t\t\t\t\t<\/rs-layer><!--\n\n\t\t\t\t\t\t\t--><rs-layer\n\t\t\t\t\t\t\t\tid=\"slider-6-slide-8-layer-1\" \n\t\t\t\t\t\t\t\tdata-type=\"text\"\n\t\t\t\t\t\t\t\tdata-color=\"#000000\"\n\t\t\t\t\t\t\t\tdata-rsp_ch=\"on\"\n\t\t\t\t\t\t\t\tdata-xy=\"xo:169px,144px,109px,67px;yo:-3px,5px,3px,11px;\"\n\t\t\t\t\t\t\t\tdata-text=\"w:normal;s:25,18,13,12;l:110,80,60,37;ls:7px,5px,3px,1px;\"\n\t\t\t\t\t\t\t\tdata-dim=\"minh:0px,none,none,none;\"\n\t\t\t\t\t\t\t\tdata-frame_999=\"o:0;st:w;\"\n\t\t\t\t\t\t\t\tstyle=\"z-index:6;font-family:'Oswald';\"\n\t\t\t\t\t\t\t>FOLLOW US ON OUR YOUTUBE CHANNEL! \n\t\t\t\t\t\t\t<\/rs-layer><!--\n\n\t\t\t\t\t\t\t--><a\n\t\t\t\t\t\t\t\tid=\"slider-6-slide-8-layer-2\" \n\t\t\t\t\t\t\t\tclass=\"rs-layer rev-btn\"\n\t\t\t\t\t\t\t\thref=\"https:\/\/www.youtube.com\/user\/losbrazosrock\" target=\"_self\" rel=\"nofollow\"\n\t\t\t\t\t\t\t\tdata-type=\"button\"\n\t\t\t\t\t\t\t\tdata-bsh=\"c:#461d7d;v:5px,3px,2px,2px;b:20px,14px,10px,9px;\"\n\t\t\t\t\t\t\t\tdata-rsp_ch=\"on\"\n\t\t\t\t\t\t\t\tdata-xy=\"xo:1082px,778px,591px,354px;yo:20px,19px,14px,12px;\"\n\t\t\t\t\t\t\t\tdata-text=\"w:normal;s:20,14,10,9;l:60,43,32,29;fw:500;\"\n\t\t\t\t\t\t\t\tdata-dim=\"minh:0px,none,none,none;\"\n\t\t\t\t\t\t\t\tdata-padding=\"r:60,44,33,31;l:60,44,33,31;\"\n\t\t\t\t\t\t\t\tdata-border=\"bor:5px,5px,5px,5px;\"\n\t\t\t\t\t\t\t\tdata-frame_0=\"x:0,0,0,0px;y:0,0,0,0px;sX:0.9;sY:0.9;\"\n\t\t\t\t\t\t\t\tdata-frame_1=\"x:0,0,0,0px;y:0,0,0,0px;sp:1000;\"\n\t\t\t\t\t\t\t\tdata-frame_999=\"o:0;st:w;\"\n\t\t\t\t\t\t\t\tdata-frame_hover=\"bgc:linear-gradient(rgba(255,94,58,1) 0%, rgba(255,42,104,1) 100%);bor:5px,5px,5px,5px;e:power1.inOut;bri:120%;\"\n\t\t\t\t\t\t\t\tstyle=\"z-index:7;background:linear-gradient(rgba(255,94,58,1) 0%, rgba(255,42,104,1) 100%);font-family:'Oswald';\"\n\t\t\t\t\t\t\t>SUBSCRIBE \n\t\t\t\t\t\t\t<\/a><!--\n-->\t\t\t\t\t<\/rs-slide>\n\t\t\t\t\t<\/rs-slides>\n\t\t\t\t<\/rs-module>\n\t\t\t\t<script>\n\t\t\t\t\tsetREVStartSize({c: 'rev_slider_6_1',rl:[1240,1024,778,480],el:[100,100,60,60],gw:[1400,1024,778,480],gh:[100,100,60,60],type:'standard',justify:'',layout:'fullwidth',mh:\"0\"});if (window.RS_MODULES!==undefined && window.RS_MODULES.modules!==undefined && window.RS_MODULES.modules[\"revslider61\"]!==undefined) {window.RS_MODULES.modules[\"revslider61\"].once = false;window.revapi6 = undefined;if (window.RS_MODULES.checkMinimal!==undefined) window.RS_MODULES.checkMinimal()}\n\t\t\t\t<\/script>\n\t\t\t<\/rs-module-wrap>\n\t\t\t<!-- END REVOLUTION SLIDER -->\n[\/vc_column][\/vc_row]<\/p>\n<\/div>","protected":false},"excerpt":{"rendered":"<p>[vc_row css_animation=&#8221;&#8221; row_type=&#8221;row&#8221; use_row_as_full_screen_section=&#8221;no&#8221; type=&#8221;grid&#8221; angled_section=&#8221;no&#8221; text_align=&#8221;left&#8221; background_image_as_pattern=&#8221;without_pattern&#8221; z_index=&#8221;&#8221;][vc_column width=&#8221;1\/4&#8243;][vc_single_image image=&#8221;3380&#8243; img_size=&#8221;500&#215;500&#8243; onclick=&#8221;custom_link&#8221; qode_css_animation=&#8221;&#8221; qode_hover_animation=&#8221;zoom_in&#8221;][vc_empty_space][\/vc_column][vc_column width=&#8221;3\/4&#8243;][vc_column_text] UNIVERSAL [\/vc_column_text][vc_column_text]Mar 9, 2022[\/vc_column_text][vc_empty_space height=&#8221;15px&#8221;][vc_column_text]Grabado, mezclado y masterizado en Sweet Saul Music Studio por Guillermo \u201cWilliam\u201d Guti\u00e9rrez y Sa\u00fal Santolaria. Publicado por Los Brazos y The Music Company. Artes&#8230;<\/p>\n","protected":false},"author":1,"featured_media":0,"parent":4030,"menu_order":0,"comment_status":"closed","ping_status":"closed","template":"full_width.php","meta":{"footnotes":""},"class_list":["post-4019","page","type-page","status-publish","hentry"],"yoast_head":"<!-- This site is optimized with the Yoast SEO plugin v27.1.1 - https:\/\/yoast.com\/product\/yoast-seo-wordpress\/ -->\n<title>Universal Los Brazos | Los Brazos rock and roll music<\/title>\n<meta name=\"description\" content=\"Descubre Universal, el \u00e1lbum de Los Brazos. 9 canciones que te har\u00e1n disfrutar como siempre y vibrar como nunca \u00a1Que lo disfrutes!\" \/>\n<meta name=\"robots\" content=\"index, follow, max-snippet:-1, max-image-preview:large, max-video-preview:-1\" \/>\n<link rel=\"canonical\" href=\"https:\/\/losbrazos.com\/en\/discography\/universal\/\" \/>\n<meta property=\"og:locale\" content=\"en_US\" \/>\n<meta property=\"og:type\" content=\"article\" \/>\n<meta property=\"og:title\" content=\"Universal Los Brazos | Los Brazos rock and roll music\" \/>\n<meta property=\"og:description\" content=\"Descubre Universal, el \u00e1lbum de Los Brazos. 9 canciones que te har\u00e1n disfrutar como siempre y vibrar como nunca \u00a1Que lo disfrutes!\" \/>\n<meta property=\"og:url\" content=\"https:\/\/losbrazos.com\/en\/discography\/universal\/\" \/>\n<meta property=\"og:site_name\" content=\"Los Brazos\" \/>\n<meta property=\"article:modified_time\" content=\"2022-03-08T23:16:28+00:00\" \/>\n<meta name=\"twitter:card\" content=\"summary_large_image\" \/>\n<meta name=\"twitter:label1\" content=\"Est. reading time\" \/>\n\t<meta name=\"twitter:data1\" content=\"4 minutes\" \/>\n<script type=\"application\/ld+json\" class=\"yoast-schema-graph\">{\"@context\":\"https:\/\/schema.org\",\"@graph\":[{\"@type\":\"WebPage\",\"@id\":\"https:\/\/losbrazos.com\/en\/discography\/universal\/\",\"url\":\"https:\/\/losbrazos.com\/en\/discography\/universal\/\",\"name\":\"Universal Los Brazos | Los Brazos rock and roll music\",\"isPartOf\":{\"@id\":\"https:\/\/losbrazos.com\/en\/#website\"},\"datePublished\":\"2022-03-05T13:38:17+00:00\",\"dateModified\":\"2022-03-08T23:16:28+00:00\",\"description\":\"Descubre Universal, el \u00e1lbum de Los Brazos. 9 canciones que te har\u00e1n disfrutar como siempre y vibrar como nunca \u00a1Que lo disfrutes!\",\"breadcrumb\":{\"@id\":\"https:\/\/losbrazos.com\/en\/discography\/universal\/#breadcrumb\"},\"inLanguage\":\"en-US\",\"potentialAction\":[{\"@type\":\"ReadAction\",\"target\":[\"https:\/\/losbrazos.com\/en\/discography\/universal\/\"]}]},{\"@type\":\"BreadcrumbList\",\"@id\":\"https:\/\/losbrazos.com\/en\/discography\/universal\/#breadcrumb\",\"itemListElement\":[{\"@type\":\"ListItem\",\"position\":1,\"name\":\"Home\",\"item\":\"https:\/\/losbrazos.com\/en\/\"},{\"@type\":\"ListItem\",\"position\":2,\"name\":\"Discography\",\"item\":\"https:\/\/losbrazos.com\/en\/discografia\/\"},{\"@type\":\"ListItem\",\"position\":3,\"name\":\"Universal\"}]},{\"@type\":\"WebSite\",\"@id\":\"https:\/\/losbrazos.com\/en\/#website\",\"url\":\"https:\/\/losbrazos.com\/en\/\",\"name\":\"Los Brazos\",\"description\":\"Simply rock and roll music\",\"potentialAction\":[{\"@type\":\"SearchAction\",\"target\":{\"@type\":\"EntryPoint\",\"urlTemplate\":\"https:\/\/losbrazos.com\/en\/?s={search_term_string}\"},\"query-input\":{\"@type\":\"PropertyValueSpecification\",\"valueRequired\":true,\"valueName\":\"search_term_string\"}}],\"inLanguage\":\"en-US\"}]}<\/script>\n<!-- \/ Yoast SEO plugin. -->","yoast_head_json":{"title":"Universal Los Brazos | Los Brazos rock and roll music","description":"Descubre Universal, el \u00e1lbum de Los Brazos. 9 canciones que te har\u00e1n disfrutar como siempre y vibrar como nunca \u00a1Que lo disfrutes!","robots":{"index":"index","follow":"follow","max-snippet":"max-snippet:-1","max-image-preview":"max-image-preview:large","max-video-preview":"max-video-preview:-1"},"canonical":"https:\/\/losbrazos.com\/en\/discography\/universal\/","og_locale":"en_US","og_type":"article","og_title":"Universal Los Brazos | Los Brazos rock and roll music","og_description":"Descubre Universal, el \u00e1lbum de Los Brazos. 9 canciones que te har\u00e1n disfrutar como siempre y vibrar como nunca \u00a1Que lo disfrutes!","og_url":"https:\/\/losbrazos.com\/en\/discography\/universal\/","og_site_name":"Los Brazos","article_modified_time":"2022-03-08T23:16:28+00:00","twitter_card":"summary_large_image","twitter_misc":{"Est. reading time":"4 minutes"},"schema":{"@context":"https:\/\/schema.org","@graph":[{"@type":"WebPage","@id":"https:\/\/losbrazos.com\/en\/discography\/universal\/","url":"https:\/\/losbrazos.com\/en\/discography\/universal\/","name":"Universal Los Brazos | Los Brazos rock and roll music","isPartOf":{"@id":"https:\/\/losbrazos.com\/en\/#website"},"datePublished":"2022-03-05T13:38:17+00:00","dateModified":"2022-03-08T23:16:28+00:00","description":"Descubre Universal, el \u00e1lbum de Los Brazos. 9 canciones que te har\u00e1n disfrutar como siempre y vibrar como nunca \u00a1Que lo disfrutes!","breadcrumb":{"@id":"https:\/\/losbrazos.com\/en\/discography\/universal\/#breadcrumb"},"inLanguage":"en-US","potentialAction":[{"@type":"ReadAction","target":["https:\/\/losbrazos.com\/en\/discography\/universal\/"]}]},{"@type":"BreadcrumbList","@id":"https:\/\/losbrazos.com\/en\/discography\/universal\/#breadcrumb","itemListElement":[{"@type":"ListItem","position":1,"name":"Home","item":"https:\/\/losbrazos.com\/en\/"},{"@type":"ListItem","position":2,"name":"Discography","item":"https:\/\/losbrazos.com\/en\/discografia\/"},{"@type":"ListItem","position":3,"name":"Universal"}]},{"@type":"WebSite","@id":"https:\/\/losbrazos.com\/en\/#website","url":"https:\/\/losbrazos.com\/en\/","name":"Los Brazos","description":"Simply rock and roll music","potentialAction":[{"@type":"SearchAction","target":{"@type":"EntryPoint","urlTemplate":"https:\/\/losbrazos.com\/en\/?s={search_term_string}"},"query-input":{"@type":"PropertyValueSpecification","valueRequired":true,"valueName":"search_term_string"}}],"inLanguage":"en-US"}]}},"_links":{"self":[{"href":"https:\/\/losbrazos.com\/en\/wp-json\/wp\/v2\/pages\/4019","targetHints":{"allow":["GET"]}}],"collection":[{"href":"https:\/\/losbrazos.com\/en\/wp-json\/wp\/v2\/pages"}],"about":[{"href":"https:\/\/losbrazos.com\/en\/wp-json\/wp\/v2\/types\/page"}],"author":[{"embeddable":true,"href":"https:\/\/losbrazos.com\/en\/wp-json\/wp\/v2\/users\/1"}],"replies":[{"embeddable":true,"href":"https:\/\/losbrazos.com\/en\/wp-json\/wp\/v2\/comments?post=4019"}],"version-history":[{"count":4,"href":"https:\/\/losbrazos.com\/en\/wp-json\/wp\/v2\/pages\/4019\/revisions"}],"predecessor-version":[{"id":4219,"href":"https:\/\/losbrazos.com\/en\/wp-json\/wp\/v2\/pages\/4019\/revisions\/4219"}],"up":[{"embeddable":true,"href":"https:\/\/losbrazos.com\/en\/wp-json\/wp\/v2\/pages\/4030"}],"wp:attachment":[{"href":"https:\/\/losbrazos.com\/en\/wp-json\/wp\/v2\/media?parent=4019"}],"curies":[{"name":"wp","href":"https:\/\/api.w.org\/{rel}","templated":true}]}}